{"id":100328,"date":"2016-12-12T18:05:57","date_gmt":"2016-12-12T17:05:57","guid":{"rendered":"https:\/\/bigorski.org.mk\/?page_id=100328"},"modified":"2022-08-27T22:03:36","modified_gmt":"2022-08-27T21:03:36","slug":"historia-e-manastirit","status":"publish","type":"page","link":"https:\/\/bigorski.org.mk\/sq\/per-manastirin\/historia-e-manastirit\/","title":{"rendered":"Historia e manastirit"},"content":{"rendered":"\n<figure id=\"attachment_89537\" aria-describedby=\"caption-attachment-89537\" style=\"width: 465px\" class=\"wp-caption alignleft\"><img loading=\"lazy\" decoding=\"async\" src=\"https:\/\/bigorski.org.mk\/wp-content\/uploads\/2016\/12\/sv-Jovan-Chudotvorna-popravena.jpg\" alt=\"\" class=\" wp-image-89537\" width=\"465\" height=\"781\" srcset=\"https:\/\/bigorski.org.mk\/wp-content\/uploads\/2016\/12\/sv-Jovan-Chudotvorna-popravena.jpg 1143w, https:\/\/bigorski.org.mk\/wp-content\/uploads\/2016\/12\/sv-Jovan-Chudotvorna-popravena-768x1290.jpg 768w\" sizes=\"auto, (max-width: 465px) 100vw, 465px\" \/><figcaption id=\"caption-attachment-89537\" class=\"wp-caption-text\">Ikona e mrekullis\u00eb s\u00eb Bigorit<\/figcaption><\/figure>\n<p>N\u00eb ikonat e shenjta t\u00eb Krisht Shp\u00ebtimtarit, t\u00eb N\u00ebn\u00ebs s\u00eb Zotit dhe t\u00eb t\u00eb gjith\u00eb Shenjtor\u00ebve, Kisha e Krishtit mori dekorimin m\u00eb t\u00eb bukur dhe me to ndri\u00e7ohet dhe mbushet vazhdimisht me bekim. Zoti njer\u00ebzdash\u00ebs favorizoi n\u00eb paraqitjet ikonografike q\u00eb ne n\u00eb fakt t\u00eb shohim figurat e bekuara dhe t\u00eb ndritura t\u00eb shenjtor\u00ebve dhe n\u00eb to, n\u00eb ato figura, imazhin e paraqitur t\u00eb Zotit dhe Vet\u00eb Zotin. Para asaj shfaqjeje ulet zjarri i pasionit dhe i kot\u00ebsis\u00eb s\u00eb k\u00ebsaj bote, ai njihet si di\u00e7ka mbi bot\u00ebn, i cili nga mbret\u00ebria e tij qiellore vepron k\u00ebtu, n\u00eb mes nesh. Njeriu thjesht nuk u beson syve t\u00eb tij kur ato d\u00ebshmojn\u00eb at\u00eb bukuri, t\u00eb parezistueshme,fitimtare q\u00eb derdhet nga ikonat e shenjta.<\/p>\n<p>Zoti i gjith\u00ebm\u00ebshirsh\u00ebm, i cili udh\u00ebzon dhe rregullon gjith\u00e7ka p\u00ebr shp\u00ebtimin ton\u00eb, b\u00ebri q\u00eb Familja e Shenjt\u00eb Bigorski t\u00eb nderohej me nj\u00eb ikon\u00eb madh\u00ebshtore dhe t\u00eb mrekullueshme t\u00eb Profetit t\u00eb madh e t\u00eb lavdish\u00ebm, Pararend\u00ebsit dhe Pag\u00ebzorit t\u00eb Zotit &#8211; Gjonit, me t\u00eb cilin, n\u00eb fakt, dhe fillon historia e manastirit.<\/p>\n<p>Legjenda e Shenjt\u00eb na tregon se n\u00eb koh\u00ebn kur Perandoria e madhe Romake drejtohej nga Vasili i II-t\u00eb (976 &#8211; 1025) dhe n\u00eb k\u00ebt\u00eb zon\u00eb mbret\u00ebronte Samueli (976 &#8211; 1014), n\u00eb shpatet e bukura dhe mistike t\u00eb Bistr\u00ebs, t\u00eb bekuar nga prekja e padukshme e dor\u00ebs s\u00eb Zotit, nj\u00eb murg shum\u00eb i virtytsh\u00ebm i quajtur Gjoni, i ardhur nga zona e Dibr\u00ebs, ishte asket. Ky at\u00eb i nderuar ishte i mbushur me \u00e7do virtyt, i arsyesh\u00ebm dhe i urt\u00eb, duke u kujdesur p\u00ebr past\u00ebrtin\u00eb dhe p\u00ebrul\u00ebsin\u00eb e zemr\u00ebs, duke mbajtur gjithmon\u00eb n\u00eb mendje fjal\u00ebt e Zotit: ,,Lum ata q\u00eb jan\u00eb t\u00eb past\u00ebr nga zemra, sepse ata do ta shohin Zotin&#8221; (Mateu 5, 8). Asketi Gjoni ushqeu dashuri ve\u00e7an\u00ebrisht t\u00eb madhe p\u00ebr ,,m\u00eb t\u00eb madhin nd\u00ebr t\u00eb lindurit nga grat\u00eb&#8221; &#8211; Sh\u00ebn Gjon Pag\u00ebzorin.<\/p>\n\n\n\n<figure id=\"attachment_99380\" aria-describedby=\"caption-attachment-99380\" style=\"width: 423px\" class=\"wp-caption alignright\"><img loading=\"lazy\" decoding=\"async\" class=\"wp-image-79919\" src=\"https:\/\/bigorski.org.mk\/wp-content\/uploads\/2021\/09\/sv.-jovan-debranin-so-ikonata-crtezh-1.jpg\" alt=\"\" width=\"423\" height=\"317\" srcset=\"https:\/\/bigorski.org.mk\/wp-content\/uploads\/2021\/09\/sv.-jovan-debranin-so-ikonata-crtezh-1.jpg 2000w, https:\/\/bigorski.org.mk\/wp-content\/uploads\/2021\/09\/sv.-jovan-debranin-so-ikonata-crtezh-1-768x576.jpg 768w, https:\/\/bigorski.org.mk\/wp-content\/uploads\/2021\/09\/sv.-jovan-debranin-so-ikonata-crtezh-1-1536x1151.jpg 1536w, https:\/\/bigorski.org.mk\/wp-content\/uploads\/2021\/09\/sv.-jovan-debranin-so-ikonata-crtezh-1-500x375.jpg 500w\" sizes=\"auto, (max-width: 423px) 100vw, 423px\" \/><figcaption id=\"caption-attachment-99380\" class=\"wp-caption-text\">Murgu Gjon dhe shfaqja e ikon\u00ebs me imazhin e Pararend\u00ebsit. Detaje jet\u00ebshkrimit t\u00eb Sinodikonit t\u00eb Madh (dhoma e murgjve).<\/figcaption><\/figure>\n<p>Nj\u00eb her\u00eb, n\u00eb pyll, pran\u00eb burimit q\u00eb ishte af\u00ebr asketit t\u00eb tij, Gjoni pa nj\u00eb drit\u00eb t\u00eb fort\u00eb dhe t\u00eb mrekullueshme mes pem\u00ebve, q\u00eb ngrihej n\u00eb qiell si nj\u00eb shtyll\u00eb zjarri. Kur u afrua, ai pa nj\u00eb ikon\u00eb e ndri\u00e7uar me nj\u00eb shk\u00eblqim i pazakont\u00eb me imazhin e Pararend\u00ebsit t\u00eb nderuar q\u00eb rrinte pezull mbi asketin. I mahnitur, por edhe i pushtuar nga frika, Gjoni ra n\u00eb gjunj\u00eb dhe fal\u00ebnderoi Zotin dhe Pag\u00ebzorin e Tij. Pastaj, duke e marr\u00eb ikon\u00ebn me p\u00ebrkushtim dhe frik\u00eb t\u00eb madhe ndaj Zotit, ai u sigurua menj\u00ebher\u00eb q\u00eb t\u00eb nd\u00ebrtonte nj\u00eb sht\u00ebpi t\u00eb p\u00ebrkohshme e t\u00eb p\u00ebrshtatshme p\u00ebr t\u00eb. K\u00ebshtu, Gjoni Krishtdash\u00ebs b\u00ebri nj\u00eb kish\u00ebz t\u00eb vog\u00ebl, n\u00eb t\u00eb cil\u00ebn vendosi ikon\u00ebn dhe \u00e7do dit\u00eb lutej me zem\u00ebr t\u00eb thyer dhe fal\u00ebnderonte Zotin Pag\u00ebzor p\u00ebr dhurat\u00ebn me t\u00eb cil\u00ebn e kishte bekuar. Besohet se kjo ikon\u00eb e shenjt\u00eb n\u00eb k\u00ebt\u00eb zon\u00eb ka ardhur nga Lindja, nga ku besohet se e ka dhe origjin\u00ebn.&nbsp;<\/p>\n\n\n\n<div class=\"wp-block-columns has-2-columns is-layout-flex wp-container-core-columns-is-layout-9d6595d7 wp-block-columns-is-layout-flex\">\n<div class=\"wp-block-column is-layout-flow wp-block-column-is-layout-flow\">\n<figure id=\"attachment_97311\" aria-describedby=\"caption-attachment-97311\" style=\"width: 248px\" class=\"wp-caption aligncenter\"><img loading=\"lazy\" decoding=\"async\" src=\"https:\/\/bigorski.org.mk\/wp-content\/uploads\/2019\/08\/Sv-Jovan-Debranin-ikona.png\" alt=\"\" class=\"wp-image-58257 \" width=\"248\" height=\"665\"><figcaption id=\"caption-attachment-97311\" class=\"wp-caption-text\">Themeluesi Gjoni i Dibr\u00ebs, Kryepeshkopi i Ohrit. Ikon\u00eb nga narteksii tempullit.<\/figcaption><\/figure>\n<\/div>\n\n\n\n<div class=\"wp-block-column is-layout-flow wp-block-column-is-layout-flow\">\n<figure id=\"attachment_97314\" aria-describedby=\"caption-attachment-97314\" style=\"width: 507px\" class=\"wp-caption aligncenter\"><img loading=\"lazy\" decoding=\"async\" src=\"https:\/\/bigorski.org.mk\/wp-content\/uploads\/2019\/08\/Sv.-Jovan-Debranin-freska-1.jpg\" alt=\"\" class=\"wp-image-97314\" width=\"507\" height=\"710\"><figcaption id=\"caption-attachment-97314\" class=\"wp-caption-text\">Sh\u00ebn Gjoni i Dibr\u00ebs, Kryepeshkopi i Ohrit, fresk\u00eb n\u00eb kish\u00ebn e Kirillit n\u00eb Kiev, n\u00eb shekullin e 12-t\u00eb<\/figcaption><\/figure>\n<\/div>\n<\/div>\n\n\n<p>P\u00ebr shkak t\u00eb pushtimit agarian dhe shkat\u00ebrrimit t\u00eb manastireve, kishave dhe sh\u00ebnjtor\u00ebve n\u00eb Lindjen e krishter\u00eb, shum\u00eb ikona kishin filluan t\u00eb zhvendosen n\u00eb vende m\u00eb t\u00eb sigurta, qofshin t\u00eb bartura nga engj\u00ebjt e Per\u00ebndis\u00eb ose nga njer\u00ebzit. K\u00ebshtu edhe kjo ikon\u00eb e shenjt\u00eb e Krishti Pararend\u00ebs u gjend n\u00eb m\u00ebnyr\u00eb mrekulluese n\u00eb k\u00ebt\u00eb vend.<\/p>\n<figure id=\"attachment_97823\" aria-describedby=\"caption-attachment-97823\" style=\"width: 495px\" class=\"wp-caption alignleft\"><img loading=\"lazy\" decoding=\"async\" src=\"https:\/\/bigorski.org.mk\/wp-content\/uploads\/2020\/04\/Sv.-Jovan-Debranin-ktitor-na-Bigorskiot-Manastir-ikona.jpg\" alt=\"\" class=\"wp-image-97823\" width=\"495\" height=\"660\" srcset=\"https:\/\/bigorski.org.mk\/wp-content\/uploads\/2020\/04\/Sv.-Jovan-Debranin-ktitor-na-Bigorskiot-Manastir-ikona.jpg 1200w, https:\/\/bigorski.org.mk\/wp-content\/uploads\/2020\/04\/Sv.-Jovan-Debranin-ktitor-na-Bigorskiot-Manastir-ikona-768x1024.jpg 768w, https:\/\/bigorski.org.mk\/wp-content\/uploads\/2020\/04\/Sv.-Jovan-Debranin-ktitor-na-Bigorskiot-Manastir-ikona-1152x1536.jpg 1152w\" sizes=\"auto, (max-width: 495px) 100vw, 495px\" \/><figcaption id=\"caption-attachment-97823\" class=\"wp-caption-text\">Sh\u00ebn Gjoni i Dibr\u00ebs &#8211; Kryepeshkopi i Ohrit<\/figcaption><\/figure>\n<p>M\u00eb von\u00eb, Zoti i m\u00ebshirsh\u00ebm, i cili lavd\u00ebron ata q\u00eb e lavd\u00ebrojn\u00eb At\u00eb n\u00eb tok\u00eb, d\u00ebshiroi t\u00eb caktoj\u00eb murgun e nderuar Gjonin si bariun e deleve t\u00eb tij. P\u00ebrkat\u00ebsisht, perandori romak Vasili i II-t\u00eb, duke m\u00ebsuar p\u00ebr jet\u00ebn jasht\u00ebzakonisht b\u00ebmir\u00ebse t\u00eb asketit t\u00eb p\u00ebrulur, n\u00eb vitin 1018 e em\u00ebroi at\u00eb Kryepeshkop t\u00eb Kryepeshkopat\u00ebs s\u00eb lavdishme t\u00eb Ohrit, p\u00ebr t\u00eb menaxhuar me men\u00e7uri kopen\u00eb e Krishtit. Gjoni shkret\u00ebdash\u00ebs iu bind vullnetit t\u00eb Zotit dhe mori grad\u00ebn e lart\u00eb, por kurr\u00eb nuk e harroi vendin e tij t\u00eb qet\u00eb dhe t\u00eb dashur t\u00eb pendimit. I mbushur me dashuri dhe mir\u00ebnjohje t\u00eb madhe p\u00ebr Krishtin Pararend\u00ebs, aty n\u00eb vitin 1020 ai nd\u00ebrtoi nj\u00eb tempull p\u00ebr nder t\u00eb tij, ku vendosi ikon\u00ebn e shenjt\u00eb dhe mrekullib\u00ebr\u00ebse. Shum\u00eb t\u00eb huaj jan\u00eb p\u00ebrpjekur t\u00eb pin\u00eb nga bekimi i penduar i Pag\u00ebzorit dhe s\u00eb shpejti nj\u00eb v\u00ebllaz\u00ebri e madhe monastike t\u00eb mblidhej rreth tempullit. K\u00ebshtu, Ati yn\u00eb i bekuar Gjoni i Dibr\u00ebs b\u00ebhet themeluesi i par\u00eb i Familjes s\u00eb Shenjt\u00eb Bigorski.<\/p>\n<p>Gjat\u00eb gjith\u00eb shekujve t\u00eb ekzistenc\u00ebs s\u00eb Familjes, fryma e ndritur monastike, e cila qysh n\u00eb krijimin e saj i ka bekuar k\u00ebto zona, ka lindur shum\u00eb prij\u00ebs shpirt\u00ebror\u00eb, pleq mrekullib\u00ebr\u00ebs dhe shenjtor\u00eb t\u00eb panjohur, veprat e t\u00eb cil\u00ebve ia kushtuan Shp\u00ebtimtarit ton\u00eb. Prandaj, e gjith\u00eb historia e manastirit, jeta e tij, fark\u00ebtar\u00ebt, freskat dhe ikonat, gjith\u00e7ka q\u00eb ishte dhe \u00ebsht\u00eb krijuar n\u00eb t\u00eb, gjith\u00e7ka q\u00eb \u00ebsht\u00eb e kaluara dhe e tashmja e tij, p\u00ebshp\u00ebrit p\u00ebr nj\u00eb p\u00ebrpjekje t\u00eb pand\u00ebrprer\u00eb p\u00ebr Zotin. Ai synim i p\u00ebrjetsh\u00ebm p\u00ebr Zotin, ajo dashuri e pashuar e Zotit, e b\u00ebri k\u00ebt\u00eb vend thjesht t\u00eb rrezatoj\u00eb me bekim dhe kushdo q\u00eb shkelt\u00eb n\u00eb k\u00ebto oborre t\u00eb shenjt\u00ebruara prej guri nuk mund t\u00eb mos ndjente pranin\u00eb e Zotit. Pik\u00ebrisht p\u00ebr k\u00ebt\u00eb, q\u00eb nga koh\u00ebrat e lashta, manastiri ka t\u00ebrhequr vazhdimisht laik\u00ebt, duke u b\u00ebr\u00eb sht\u00ebpia m\u00eb e dashur e Zotit p\u00ebr t\u00eb gjith\u00eb besimtar\u00ebt ortodoks\u00eb t\u00eb k\u00ebsaj treve, madje edhe p\u00ebr besimtar\u00ebt e fev\u0435 t\u00eb tjera.<\/p>\n<div style=\"display: flex; align-items: flex-start; background: rgba(225, 206, 164 ,0.3); filter: alpha(opacity=30); padding: 10px; border-radius: 2px;\" class=\"td-author-line\">\n<div style=\"margin-right: 1em;\"><img loading=\"lazy\" decoding=\"async\" src=\"https:\/\/bigorski.org.mk\/wp-content\/uploads\/2016\/12\/2.jpg\" alt=\"\u0408\u0435\u0440\u043e\u043c\u043e\u043d\u0430\u0445 \u041a\u0438\u0440\u0438\u043b \u0411\u0438\u0433\u043e\u0440\u0441\u043a\u0438 (\u0414\u0435\u043b\u043e\u0432\u0441\u043a\u0438)\" class=\"size-full wp-image-49338 alignleft\" width=\"150\" height=\"150\"><\/div>\n<div style=\"flex: 1;\">\n<h3><a href=\"https:\/\/bigorski.org.mk\/istoriski-temi\/jovan-debranin-kako-arhiepiskop-ohridski-i-prv-ktitor-na-sveshtenata-bigorska-obitel\/\" rel=\"noopener\">Gjoni i Dibr\u00ebs si Kryepeshkop i Ohrit dhe themeluesi i par\u00eb i Familjes s\u00eb Shenjt\u00eb Bigorski<\/a><\/h3>\n<p>Hieromurgu Kirill Bigorski (Dellovski)<\/p>\n<div class=\"author-icons\"><a href=\"https:\/\/bigorski.org.mk\/istoriski-temi\/jovan-debranin-kako-arhiepiskop-ohridski-i-prv-ktitor-na-sveshtenata-bigorska-obitel\/\" class=\"author-website\"> <i class=\"fa fa-share-square\"><\/i> Raporti i paraqitur n\u00eb Konferenc\u00ebn e par\u00eb komb\u00ebtare shkencore bizantine t\u00eb mbajtur n\u00eb Oh\u00ebr, m\u00eb 25 dhe 26 tetor t\u00eb vitit 2018 t\u00eb ver\u00ebs s\u00eb Zotit<\/a><\/div>\n<\/div>\n<\/div>\n<figure id=\"attachment_98259\" aria-describedby=\"caption-attachment-98259\" style=\"width: 1200px\" class=\"wp-caption aligncenter\"><img loading=\"lazy\" decoding=\"async\" class=\"wp-image-98259 size-full\" src=\"http:\/\/bigorski.org.mk\/wp-content\/uploads\/2020\/08\/Ktitorot-Jovan-Debranin-kako-Arhiepiskop-Ohridski-go-blagoslovuva-prvoto-bratstvo.jpg\" alt=\"\" width=\"1200\" height=\"499\" srcset=\"https:\/\/bigorski.org.mk\/wp-content\/uploads\/2020\/08\/Ktitorot-Jovan-Debranin-kako-Arhiepiskop-Ohridski-go-blagoslovuva-prvoto-bratstvo.jpg 1200w, https:\/\/bigorski.org.mk\/wp-content\/uploads\/2020\/08\/Ktitorot-Jovan-Debranin-kako-Arhiepiskop-Ohridski-go-blagoslovuva-prvoto-bratstvo-768x319.jpg 768w\" sizes=\"auto, (max-width: 1200px) 100vw, 1200px\" \/><figcaption id=\"caption-attachment-98259\" class=\"wp-caption-text\">Themeluesi Gjon, si Kryepeshkop i Ohrit, bekon v\u00ebllaz\u00ebrin\u00eb e par\u00eb dhe nd\u00ebrtimin e manastirit.&nbsp; Detaje nga jet\u00ebshkrimi i t\u00eb Madhit Sinodikon (dhoma e murgjve)<\/figcaption><\/figure>\n<p>Gjat\u00eb ekzistenc\u00ebs s\u00eb tij, manastiri i ka p\u00ebrjetuar mjerim t\u00eb madh. M\u00eb s\u00eb shumti ka vuajtur gjat\u00eb rob\u00ebris\u00eb turke, kur u shkat\u00ebrrua dhe u dogj disa her\u00eb. Ai p\u00ebsoi nj\u00eb shkretim t\u00eb madh ve\u00e7an\u00ebrisht gjat\u00eb koh\u00ebs s\u00eb sulltanit fam\u00ebkeq osman Selimii I-r\u00eb (1512-1520), kur u shkat\u00ebrrua deri n\u00eb themel. Por Sh\u00ebn Gjon Pag\u00ebzori nuk lejoi q\u00eb ikona e tij e shenjt\u00eb t\u00eb shkat\u00ebrrohej. K\u00ebshtu, n\u00eb dy raste kur manastiri p\u00ebsoi shkretim, ikona n\u00eb m\u00ebnyr\u00eb t\u00eb \u00e7uditshme zhdukej dhe u zhvendosej n\u00eb nj\u00eb vend tjet\u00ebr p\u00ebr t\u00eb mos r\u00ebn\u00eb n\u00eb duart e pabesimtar\u00ebve, dhe kur rreziku kalonte, ajo kthehej p\u00ebrs\u00ebri. Her\u00ebn t\u00eb par\u00eb, ikona u zhvendos n\u00eb nj\u00eb manastir midis Strug\u00ebs dhe Dibr\u00ebs, ku edhe sot ekziston tempulli i kish\u00ebs i quajtur ,,Sh\u00ebn Jovan Pararend\u00ebs \u2013 Bigorski\u201d. Her\u00ebn e dyt\u00eb, fytyra e ndershme e Pararend\u00ebsit gjeti nj\u00eb vendbanim t\u00eb p\u00ebrkohsh\u00ebm n\u00eb fsh. Sllatin\u00eb, Debarc\u00eb. Edhe atje gjithashtu ekziston nj\u00eb tempull me emrin ,,Sh\u00ebn Gjon Pag\u00ebzori &#8211; Bigorski\u201d. Rivendosja e madhe e familjes Bigorski filloi n\u00eb koh\u00ebn e Abatit Hillarion (1743 &#8211; 1781\/2), kur erdhi deri te lul\u00ebzimi i jet\u00ebs monastike.<\/p>\n<figure id=\"attachment_3835\" aria-describedby=\"caption-attachment-3835\" style=\"width: 1920px\" class=\"wp-caption aligncenter\"><img loading=\"lazy\" decoding=\"async\" class=\"wp-image-3835 size-full\" src=\"http:\/\/bigorski.org.mk\/wp-content\/uploads\/2016\/12\/cover-5.jpg\" alt=\"\" width=\"1920\" height=\"911\"><figcaption id=\"caption-attachment-3835\" class=\"wp-caption-text\">Pamja e sotme e manastirit<\/figcaption><\/figure>\n<p>Vendndodhja e manastirit ishte e till\u00eb q\u00eb gjendej n\u00eb zon\u00ebn \u00eb Maqedonis\u00eb Per\u00ebndimore ku kishte shum\u00eb vjedhje. N\u00eb at\u00eb koh\u00eb rreth tij silleshin shum\u00eb rreziqe dhe vet\u00ebm fal\u00eb mrekullive t\u00eb Sh\u00ebn Gjonit, ai shp\u00ebtoi.<\/p>\n<p>M\u00eb 1814 ndodhi nj\u00eb mrekulli e madhe: kund\u00ebr Familjes s\u00eb Shenjt\u00eb u ngrit nj\u00eb kriminel, i cili synonte t\u00eb shkat\u00ebrronte manastirin dhe ta kthente at\u00eb n\u00eb teqe. Ai ishte Jusuf-beu nga Dibra. Por m\u00eb 8 shtator Jusuf-beu u plagos dhe m\u00eb 21- t\u00eb po atij muaji vdiq. Kur po e varrosnin, nga qielli ra nj\u00eb stuhi e fort\u00eb bresh\u00ebri dhe bubullima t\u00eb tmerrshme, duke l\u00ebn\u00eb t\u00eb vdekur 20 burra t\u00eb Jusuf &#8211; beut. T\u00eb frik\u00ebsuar, \u0430garian\u00ebt e mbetur ik\u00ebn. K\u00ebshtu, me nd\u00ebrmjet\u00ebsimin e Sh\u00ebn Gjon Pag\u00ebzorit, manastiri u shp\u00ebtua nga shkat\u00ebrrimi.<\/p>\n<figure id=\"attachment_98262\" aria-describedby=\"caption-attachment-98262\" style=\"width: 1200px\" class=\"wp-caption aligncenter\"><img loading=\"lazy\" decoding=\"async\" src=\"http:\/\/bigorski.org.mk\/wp-content\/uploads\/2020\/09\/Opustoshuvanjeto-na-Manastirot-od-strana-na-Osmanliskite-Turci.jpg\" alt=\"\" class=\"wp-image-98262 size-full\" width=\"1200\" height=\"568\" srcset=\"https:\/\/bigorski.org.mk\/wp-content\/uploads\/2020\/09\/Opustoshuvanjeto-na-Manastirot-od-strana-na-Osmanliskite-Turci.jpg 1200w, https:\/\/bigorski.org.mk\/wp-content\/uploads\/2020\/09\/Opustoshuvanjeto-na-Manastirot-od-strana-na-Osmanliskite-Turci-768x364.jpg 768w\" sizes=\"auto, (max-width: 1200px) 100vw, 1200px\" \/><figcaption id=\"caption-attachment-98262\" class=\"wp-caption-text\">Shkat\u00ebrrimi i manastirit nga ana e turqve osman\u00eb, n\u00eb koh\u00ebn e Selimit t\u00eb I-r\u00eb. Detaje nga jetashkrimi i Sinodikonit t\u00eb Madh (dhoma e murgjeve)<\/figcaption><\/figure>\n<p>Kah mesi i shekullit XIX, Sh\u00ebn Gjoni i kishte ndihmuar nj\u00eb beu turk nga Shqip\u00ebria, i cili kishte pasur nj\u00eb f\u00ebmij\u00eb t\u00eb s\u00ebmur\u00eb. Sh\u00ebn Gjoni iu shfaq beut n\u00eb \u00ebnd\u00ebrr dhe e ftoi at\u00eb t\u00eb vinte n\u00eb manastir dhe t\u00eb lante f\u00ebmij\u00ebn e tij me ujin mrekullib\u00ebr\u00ebs. Beu iu bind dhe s\u00eb bashku me f\u00ebmij\u00ebn shkuan n\u00eb manastir dhe vepruan si\u00e7 u k\u00ebshilluan. Dhe ja nj\u00eb mrekulli! F\u00ebmija u sh\u00ebrua plot\u00ebsisht! N\u00eb ikon\u00ebn Brenda manastirit, beu njohu mir\u00ebb\u00ebr\u00ebsin e tij, Sh\u00ebn Gjon Pag\u00ebzorin dhe me mir\u00ebnjohje t\u00eb madhe i dhuroi tij nj\u00eb ullishte pran\u00eb Elbasanit. P\u00ebr nj\u00eb koh\u00eb t\u00eb gjat\u00eb manastiri me vaj furnizohej nga k\u00ebto prona. N\u00eb vitet e 30-ta t\u00eb shekullit XX, prifti Atanasij (prift Tashko) nga fshati Bitush\u0435, i cili n\u00eb at\u00eb koh\u00eb ishte kujdestar i manastirit Bigorski i shiti k\u00ebto ullishta.<\/p>\n<p>Nj\u00eb her\u00eb tjet\u00ebr, grabit\u00ebsit shqiptar\u00eb grabit\u00ebn karvanin e manastirit me maska q\u00eb transportonin ushqime p\u00ebr manastirin. Pas krimit, kreu i grabit\u00ebsve u s\u00ebmur r\u00ebnd\u00eb. Nga frika e nd\u00ebshkimit p\u00ebr k\u00ebt\u00eb m\u00ebkat dhe duke e konsideruar s\u00ebmundjen si paralajm\u00ebrim nga Zoti, ai liroi karvanin dhe njer\u00ebzit dhe p\u00ebrve\u00e7 k\u00ebsaj ai dhuroi nj\u00eb sasi t\u00eb madhe vaji p\u00ebr manastirin. Q\u00eb at\u00ebher\u00eb, askush nuk ka guxuar t\u00eb sulmoj\u00eb apo t\u00eb d\u00ebmtoj\u00eb njer\u00ebzit e manastirit apo pronat e tij. Manastiri g\u00ebzonte respekt shum\u00eb t\u00eb madh edhe nga besimtar\u00ebt e tjer\u00eb, sepse dyert e manastirit ishin t\u00eb hapura dit\u00eb e nat\u00eb p\u00ebr t\u00eb gjith\u00eb ata q\u00eb vinin, pa dallim feje apo komb\u00ebsie. T\u00eb gjith\u00eb gjenin mb\u00ebshtetje dhe rehati n\u00eb sht\u00ebpin\u00eb e Pararend\u00ebsit.<\/p>\n<figure id=\"attachment_98263\" aria-describedby=\"caption-attachment-98263\" style=\"width: 1010px\" class=\"wp-caption aligncenter\"><img loading=\"lazy\" decoding=\"async\" class=\"wp-image-98263 size-full\" src=\"http:\/\/bigorski.org.mk\/wp-content\/uploads\/2020\/09\/Manstirska-Trpezarija.jpg\" alt=\"\" width=\"1010\" height=\"310\" srcset=\"https:\/\/bigorski.org.mk\/wp-content\/uploads\/2020\/09\/Manstirska-Trpezarija.jpg 1010w, https:\/\/bigorski.org.mk\/wp-content\/uploads\/2020\/09\/Manstirska-Trpezarija-768x236.jpg 768w\" sizes=\"auto, (max-width: 1010px) 100vw, 1010px\" \/><figcaption id=\"caption-attachment-98263\" class=\"wp-caption-text\">Dhoma e ngr\u00ebnies n\u00eb manastir n\u00eb vitet \u0435 60- ta t\u00eb shekullit XX, pas shuarjes s\u00eb jet\u00ebs monastike.<\/figcaption><\/figure>\n<p>Por periudha e mosbesimit e komunizmit solli harres\u00eb dhe shkretim. Pas disa dekadash, pa bekimin e adhurimit dhe t\u00eb jet\u00ebs monastike, tempulli u la n\u00eb rrethanat e tmerrshme t\u00eb prishjes s\u00eb qet\u00eb dhe graduale, duke u reduktuar n\u00eb funksionin e nj\u00eb muzeu t\u00eb zakonsh\u00ebm t\u00eb gj\u00ebrave t\u00eb vdekura. Duheshte t\u00eb kalonin vite q\u00eb t\u00eb krijoheshin kushte p\u00ebr ringjalljen e tij.<\/p>\n<figure id=\"attachment_88652\" aria-describedby=\"caption-attachment-88652\" style=\"width: 504px\" class=\"wp-caption alignleft\"><img loading=\"lazy\" decoding=\"async\" class=\"wp-image-88652 size-full\" src=\"http:\/\/bigorski.org.mk\/wp-content\/uploads\/2016\/12\/7.jpg\" alt=\"\" width=\"504\" height=\"366\"><figcaption id=\"caption-attachment-88652\" class=\"wp-caption-text\">Nj\u00eb moment nga qethja e restauruesit t\u00eb jet\u00ebs monastike n\u00eb Bigorski, Arkimandrit Parthenij.<\/figcaption><\/figure>\n<p>K\u00ebshtu, m\u00eb n\u00eb fund, me vullnetin e Zotit dhe me bekimin e Mitropolitit monastik Dib\u00ebr- K\u00ebr\u00e7ov\u00eb, z. Timotej, hierarku kompetent i Dioqez\u00ebs Dib\u00ebr-K\u00ebr\u00e7ov\u00eb, n\u00eb manastirin e Bigorskit u rivendos jeta monastike n\u00eb muajin korrik 1995, at\u00eb vet\u00eb t\u00eb Zotit, kur at\u00eb Parthenij pas kthimit nga Sveta Gora, u em\u00ebrua kryeplak i Familjes s\u00eb re monastike Bigorski.<\/p>\n<p>Abati i ri, Arkimandrit Parthenij, e gjeti manastirin t\u00eb vdekur shpirt\u00ebrisht, t\u00eb shkret\u00eb dhe t\u00eb l\u00ebn\u00eb n\u00eb shkat\u00ebrrimin e koh\u00ebs dhe q\u00eb n\u00eb fillim u p\u00ebrball me v\u00ebshtir\u00ebsi t\u00eb shumta n\u00eb jet\u00ebsimin shpirt\u00ebror t\u00eb k\u00ebtij tempulli.<\/p>\n<figure id=\"attachment_88653\" aria-describedby=\"caption-attachment-88653\" style=\"width: 365px\" class=\"wp-caption alignright\"><img loading=\"lazy\" decoding=\"async\" class=\"wp-image-88653 size-full\" src=\"http:\/\/bigorski.org.mk\/wp-content\/uploads\/2016\/12\/8.jpg\" alt=\"\" width=\"365\" height=\"530\"><figcaption id=\"caption-attachment-88653\" class=\"wp-caption-text\">Abati i ri<\/figcaption><\/figure>\n<p>Por i vet\u00ebdijsh\u00ebm se p\u00ebr murgun dashuria e v\u00ebrtet\u00eb Hyjnore \u00ebsht\u00eb n\u00eb dhimbjen e shp\u00ebtimit t\u00eb shpirtit t\u00eb tij dhe n\u00eb dhimbjen e shp\u00ebtimit t\u00eb gjith\u00eb bot\u00ebs, ai zgjodhi t&#8217;u sh\u00ebrbej\u00eb t\u00eb tjer\u00ebve, pavar\u00ebsisht sprovave t\u00eb m\u00ebdha. Duke e ditur se rip\u00ebrt\u00ebritja shpirt\u00ebrore e \u00e7do manastiri fillon, mbi t\u00eb gjitha, me rip\u00ebrtrirjen e jet\u00ebs liturgjike, abati Parthenij prezantoi adhurimin e rregullt dit\u00eb dhe nat\u00eb, at\u00eb javor dhe vjetor, sipas llojit t\u00eb Kish\u00ebs s\u00eb Shenjt\u00eb Ortodokse, e cila p\u00ebrfshin: mbr\u00ebmje, dark\u00eb, parambr\u00ebmje, mesnat\u00eb, Liturgji Hyjnore dhe adhurime t\u00eb tjera. Sigurisht, nj\u00eb dhurat\u00eb e ve\u00e7ant\u00eb dhe m\u00eb e \u00e7muar e Zotit dhe nj\u00eb bekim p\u00ebr Familjen ton\u00eb t\u00eb Shenjt\u00eb \u00ebsht\u00eb rip\u00ebrt\u00ebritja e pleq\u00ebrimit ortodoks, i cili \u00ebsht\u00eb nj\u00eb kuror\u00eb asketizimi shpirt\u00ebror. Udh\u00ebheqja shpirt\u00ebrore e plakut, n\u00ebp\u00ebrmjet rr\u00ebfimit t\u00eb fsheht\u00ebsive t\u00eb shenjta, pendimit dhe kungimit, \u00ebsht\u00eb zemra e jet\u00ebs shpirt\u00ebrore, nga e cila buron bekimi hyjnor i ringjalljes, i cili transformon shpirtrat e njer\u00ebzve. E gjith\u00eb kjo t\u00ebrhoqi nj\u00eb num\u00ebr t\u00eb madh besimtar\u00ebsh, t\u00eb cil\u00ebt s\u00eb bashku me socialmonastizmin e rivendosur u b\u00ebn\u00eb pjes\u00eb e gjall\u00ebrimit shpirt\u00ebror q\u00eb preku mbar\u00eb atdheun ton\u00eb. K\u00ebshtu, manastiri sot, si nj\u00eb n\u00ebn\u00eb e kujdesshme dhe e dashur, th\u00ebrret s\u00ebrish t\u00eb gjith\u00eb f\u00ebmij\u00ebt e saj dhe, si barka e profetit Noe, hap dyert p\u00ebr t\u00eb shp\u00ebtuar besimtar\u00ebt nga v\u00ebrshimi shpirt\u00ebror. Kushdo q\u00eb vjen k\u00ebtu \u00ebsht\u00eb i thirrur t\u00eb jet\u00eb pjestar i k\u00ebtij mjedisi shpirt\u00ebror, ku mbret\u00ebron koka &#8211; Krishti dhe ku zbresin an\u00ebtar\u00ebt e Tij t\u00eb lavdish\u00ebm &#8211; shenjtor\u00ebt, p\u00ebr t\u00eb komunikuar me besimtar\u00ebt n\u00eb adhurimin hyjnor.<\/p>\n<figure id=\"attachment_98342\" aria-describedby=\"caption-attachment-98342\" style=\"width: 1200px\" class=\"wp-caption aligncenter\"><img loading=\"lazy\" decoding=\"async\" src=\"http:\/\/bigorski.org.mk\/wp-content\/uploads\/2020\/09\/Bigorskoto-bratstvo-denes.jpg\" alt=\"\" class=\"wp-image-69065 size-full\" width=\"1200\" height=\"675\" srcset=\"https:\/\/bigorski.org.mk\/wp-content\/uploads\/2020\/09\/Bigorskoto-bratstvo-denes.jpg 1200w, https:\/\/bigorski.org.mk\/wp-content\/uploads\/2020\/09\/Bigorskoto-bratstvo-denes-768x432.jpg 768w, https:\/\/bigorski.org.mk\/wp-content\/uploads\/2020\/09\/Bigorskoto-bratstvo-denes-480x270.jpg 480w\" sizes=\"auto, (max-width: 1200px) 100vw, 1200px\" \/><figcaption id=\"caption-attachment-98342\" class=\"wp-caption-text\">V\u00ebllez\u00ebria Bigorski sot<\/figcaption><\/figure>","protected":false},"excerpt":{"rendered":"<p>N\u00eb ikonat e shenjta t\u00eb Krisht Shp\u00ebtimtarit, t\u00eb N\u00ebn\u00ebs s\u00eb Zotit dhe t\u00eb t\u00eb gjith\u00eb Shenjtor\u00ebve, Kisha e Krishtit mori dekorimin m\u00eb t\u00eb bukur dhe me to ndri\u00e7ohet dhe mbushet vazhdimisht me bekim. Zoti njer\u00ebzdash\u00ebs favorizoi n\u00eb paraqitjet ikonografike q\u00eb ne n\u00eb fakt t\u00eb shohim figurat e bekuara dhe t\u00eb ndritura t\u00eb shenjtor\u00ebve dhe n\u00eb<\/p>\n","protected":false},"author":1,"featured_media":100417,"parent":100330,"menu_order":0,"comment_status":"closed","ping_status":"closed","template":"page-bigorski.php","meta":{"_acf_changed":false,"wprm-recipe-roundup-name":"","wprm-recipe-roundup-description":"","ngg_post_thumbnail":0,"footnotes":""},"class_list":["post-100328","page","type-page","status-publish","has-post-thumbnail","hentry"],"acf":[],"_links":{"self":[{"href":"https:\/\/bigorski.org.mk\/sq\/wp-json\/wp\/v2\/pages\/100328","targetHints":{"allow":["GET"]}}],"collection":[{"href":"https:\/\/bigorski.org.mk\/sq\/wp-json\/wp\/v2\/pages"}],"about":[{"href":"https:\/\/bigorski.org.mk\/sq\/wp-json\/wp\/v2\/types\/page"}],"author":[{"embeddable":true,"href":"https:\/\/bigorski.org.mk\/sq\/wp-json\/wp\/v2\/users\/1"}],"replies":[{"embeddable":true,"href":"https:\/\/bigorski.org.mk\/sq\/wp-json\/wp\/v2\/comments?post=100328"}],"version-history":[{"count":0,"href":"https:\/\/bigorski.org.mk\/sq\/wp-json\/wp\/v2\/pages\/100328\/revisions"}],"up":[{"embeddable":true,"href":"https:\/\/bigorski.org.mk\/sq\/wp-json\/wp\/v2\/pages\/100330"}],"wp:featuredmedia":[{"embeddable":true,"href":"https:\/\/bigorski.org.mk\/sq\/wp-json\/wp\/v2\/media\/100417"}],"wp:attachment":[{"href":"https:\/\/bigorski.org.mk\/sq\/wp-json\/wp\/v2\/media?parent=100328"}],"curies":[{"name":"wp","href":"https:\/\/api.w.org\/{rel}","templated":true}]}}