{"id":100454,"date":"2016-12-18T18:26:18","date_gmt":"2016-12-18T17:26:18","guid":{"rendered":"https:\/\/bigorski.org.mk\/?page_id=100454"},"modified":"2022-08-27T22:01:56","modified_gmt":"2022-08-27T21:01:56","slug":"i-pergjithshem","status":"publish","type":"page","link":"https:\/\/bigorski.org.mk\/sq\/misioni\/i-pergjithshem\/","title":{"rendered":"I p\u00ebrgjithsh\u00ebm"},"content":{"rendered":"\n<p class=\"has-drop-cap\">Familja e shenjt\u00eb sllavomaqedonase Bigorski! Ti q\u00eb gjithmon\u00eb shpreson n\u00eb m\u00ebshir\u00ebn e Pararend\u00ebsit, n\u00eb bregun e lumit q\u00eb rrjedh n\u00eb p\u00ebrjet\u00ebsi ke rritur nj\u00eb pem\u00eb t\u00eb bukur pleqsh besimtar\u00eb dhe je b\u00ebr\u00eb si qyteti i zbritur nga qielli, ku banon Zoti me njer\u00ebzit, duke hequr \u00e7do pik\u00eb loti nga syt\u00eb e tyre! Le t\u00eb g\u00ebzohemi, pra, v\u00ebllez\u00ebr dhe motra, p\u00ebr t\u00eb lavd\u00ebruar Krishtin &#8211; Mbretin dhe Zotin ton\u00eb, dhe p\u00ebr t\u00eb lavd\u00ebruar Peshkopen e Shenjt\u00eb &#8211; Virgj\u00ebresh\u00ebn e Past\u00ebr &#8211; sepse ata na kan\u00eb dh\u00ebn\u00eb nj\u00eb port shp\u00ebtimi dhe m\u00ebsues t\u00eb shenjt\u00eb &#8211; et\u00ebrit e nderuar. Dhe ajri p\u00ebrreth teje, shenjtorja jon\u00eb, \u00ebsht\u00eb i mbushur me shenjt\u00ebri dhe burimet e sh\u00ebrimit rrjedhin nga ikona e mrekullueshme e Pag\u00ebzorit t\u00eb Zotit dhe reliket e tij t\u00eb shenjta, nga Kryqi i nderuar, nga reliket e Sh\u00ebn Jakovit V\u00ebllai i Zotit, Sh\u00ebn Stefani, Sh\u00ebn Haralampij, Sh\u00ebn Nikolaj, Sh\u00ebn Serafimi dhe shum\u00eb shenjtor\u00eb t\u00eb tjer\u00eb.<\/p>\n\n\n<div class=\"wp-block-image\">\n<figure class=\"aligncenter size-large\"><img loading=\"lazy\" decoding=\"async\" width=\"817\" height=\"414\" src=\"https:\/\/bigorski.org.mk\/wp-content\/uploads\/2016\/11\/1.jpg\" alt=\"\" class=\"wp-image-89021\" srcset=\"https:\/\/bigorski.org.mk\/wp-content\/uploads\/2016\/11\/1.jpg 817w, https:\/\/bigorski.org.mk\/wp-content\/uploads\/2016\/11\/1-768x389.jpg 768w\" sizes=\"auto, (max-width: 817px) 100vw, 817px\" \/><figcaption>Abati Parthenij i I-r\u00eb me v\u00ebllaz\u00ebrin\u00eb, 1912<\/figcaption><\/figure><\/div>\n\n<p><span style=\"font-size: inherit;\">Err\u00ebsira e paper\u00ebndishme komuniste vet\u00ebm shkurt e nd\u00ebrpreu rrjedh\u00ebn e jet\u00ebs liturgjike, por pas lutjeve t\u00eb et\u00ebrve t\u00eb famsh\u00ebm Bigorski: Gjoni i Dibr\u00ebs, sh\u00ebn Prohori i Ohrit, t\u00eb nderuarit Mitrofan dhe Arsenij, Anatolij dhe Parthenij dhe t\u00eb gjith\u00eb t\u00eb tjer\u00ebt, ringjall\u00ebn sht\u00ebpin\u00eb e Pararend\u00ebsit, duke mbledhur n\u00eb vete nj\u00eb familje t\u00eb re monastike. Dhe boshti rreth t\u00eb cilit graviton jeta e murgut \u00ebsht\u00eb lutja e p\u00ebrditshme e pand\u00ebrprer\u00eb e adhuruesve dhe detyrat monastike. Mesazhet e lutjes t\u00eb cilat i drejtohen Zotit: &#8220;p\u00ebr paqen qiellore dhe p\u00ebr shp\u00ebtimin e shpirtrave tan\u00eb&#8221;, &#8220;p\u00ebr paqe n\u00eb t\u00eb gjith\u00eb bot\u00ebn&#8221;, &#8220;p\u00ebr ata q\u00eb lundrojn\u00eb, udh\u00ebtojn\u00eb, q\u00eb jan\u00eb t\u00eb s\u00ebmur\u00eb, q\u00eb vuajn\u00eb, jan\u00eb t\u00eb rrob\u00ebruar&#8221;, &#8220;p\u00ebr ata q\u00eb na urrejn\u00eb dhe na duan&#8221;, &#8220;p\u00ebr prehjen e shpirtrave t\u00eb t\u00eb vdekurve&#8221; dhe &#8220;p\u00ebr t\u00eb gjith\u00eb njer\u00ebzit tan\u00eb Krishtdash\u00ebs&#8221;- jan\u00eb sigurisht dhurata m\u00eb e \u00e7muar nga manastiri p\u00ebr shoq\u00ebrin\u00eb ton\u00eb.<\/span><\/p>\n<p>Por jo m\u00eb pak i r\u00ebnd\u00ebsish\u00ebm \u00ebsht\u00eb roli i tij n\u00eb misionin e ndri\u00e7imit shpirt\u00ebror t\u00eb k\u00ebtij populli. Sepse fal\u00eb mik\u00ebpritjes, sakrific\u00ebs, mir\u00ebkuptimit dhe dashuris\u00eb s\u00eb murgjve, manastiri i Bigorskit u b\u00eb nj\u00eb sht\u00ebpi shpirt\u00ebrore e shum\u00eb shpirtrave per\u00ebndidash\u00ebs, nj\u00eb oaz\u00eb e gjelb\u00ebr n\u00eb shkret\u00ebtir\u00ebn shpirt\u00ebrore t\u00eb bot\u00ebs s\u00eb nxeht\u00eb. K\u00ebtu, n\u00eb k\u00ebt\u00eb oaz\u00eb shpirt\u00ebrore, sipas tradit\u00ebs s\u00eb Kish\u00ebs s\u00eb shenjt\u00eb, kryhen t\u00eb gjitha fsheht\u00ebsit\u00eb e Shenjta dhe p\u00ebr ata q\u00eb jan\u00eb t\u00eb uritur p\u00ebr Zotin, murgjit kan\u00eb p\u00ebrgatitur nj\u00eb tryez\u00eb t\u00eb pasur shpirt\u00ebrore: lavd\u00ebrime dhe lutje, biseda shpirt\u00ebrore dhe rr\u00ebfim, kungim i shenjt\u00eb&#8230;<\/p>\n<p><\/p>\n\n\n<figure class=\"wp-block-image size-large\"><img loading=\"lazy\" decoding=\"async\" width=\"1920\" height=\"1280\" src=\"https:\/\/bigorski.org.mk\/wp-content\/uploads\/2016\/12\/IMG_6375.jpg\" alt=\"\" class=\"wp-image-89654\" srcset=\"https:\/\/bigorski.org.mk\/wp-content\/uploads\/2016\/12\/IMG_6375.jpg 1920w, https:\/\/bigorski.org.mk\/wp-content\/uploads\/2016\/12\/IMG_6375-768x512.jpg 768w\" sizes=\"auto, (max-width: 1920px) 100vw, 1920px\" \/><\/figure>\n\n\n\n<p>Lavd\u00ebrimi i Zotit p\u00ebrt\u00ebrihet dit\u00eb e nat\u00eb dhe bekimi i Zotit derdhet m\u00ebshir\u00ebsh\u00ebm, duke e transformuar k\u00ebt\u00eb tempull dhe k\u00ebt\u00eb fener t\u00eb lasht\u00eb t\u00eb popullit ton\u00eb n\u00eb nj\u00eb shkoll\u00eb t\u00eb v\u00ebrtet\u00eb shpirt\u00ebrore, i cili jep fryte ungjillore dhe jo urt\u00ebsi humane. Bekimi i Zotit duket sikur ringjall e thellon gjurm\u00ebt e veprimtaris\u00eb s\u00eb dikurshme letrare-arsimore, t\u00eb shkoll\u00ebs  s\u00eb dikurshme  rilindase t\u00eb manastirit, t\u00eb shkoll\u00ebs s\u00eb gdhendjes n\u00eb Dib\u00ebr dhe t\u00eb shum\u00eb veprimtarive t\u00eb tjera ungjillore-misionare, frytet e t\u00eb cilave jan\u00eb ngulitur thell\u00eb n\u00eb \u00e7do gur dhe plot\u00ebsojn\u00eb zemr\u00ebn e vizitorit t\u00eb sot\u00ebm.<\/p>\n<p>Pik\u00ebrisht p\u00ebr k\u00ebt\u00eb edhe sot, kur b\u00ebhet fjal\u00eb p\u00ebr familjen Bigorski, \u00ebsht\u00eb e pamundur t\u00eb mos p\u00ebrmendet fjala &#8220;rilindje&#8221;. Qoft\u00eb p\u00ebr t\u00eb folur p\u00ebr t\u00eb kaluar\u00ebn e lavdishme t\u00eb manastirit, qoft\u00eb p\u00ebr t\u00eb gjykuar veprat e tij t\u00eb tanishme, qoft\u00eb edhe p\u00ebr t\u00eb profetizuar p\u00ebr t\u00eb ardhmen e tij &#8211; n\u00eb \u00e7do gj\u00eb dhe kudo, fshehurazi dhe haptazi, kjo fjal\u00eb \u00ebsht\u00eb e pranishme. Ai \u00ebsht\u00eb nj\u00eb simbol, nj\u00eb shenj\u00eb q\u00eb tregon drejtimin e koh\u00ebs s\u00eb tashme; ai p\u00ebrcakton m\u00eb sakt\u00eb thelbin e aspiratave tona, n\u00eb t\u00eb cilat bashkohen ajo q\u00eb \u00ebsht\u00eb e p\u00ebrkohshme dhe ajo e p\u00ebrjetshme, planet njer\u00ebzore dhe vullneti i Zotit.<\/p>\n<p><img loading=\"lazy\" decoding=\"async\" src=\"http:\/\/bigorski.org.mk\/wp-content\/uploads\/2020\/10\/Bigorski-Manastir-so-crkvata-konacite-dvorot-i-fijalata.jpg\" alt=\"\" class=\"size-full wp-image-98388 aligncenter\" width=\"1200\" height=\"470\" srcset=\"https:\/\/bigorski.org.mk\/wp-content\/uploads\/2020\/10\/Bigorski-Manastir-so-crkvata-konacite-dvorot-i-fijalata.jpg 1200w, https:\/\/bigorski.org.mk\/wp-content\/uploads\/2020\/10\/Bigorski-Manastir-so-crkvata-konacite-dvorot-i-fijalata-768x301.jpg 768w\" sizes=\"auto, (max-width: 1200px) 100vw, 1200px\" \/><\/p>\n<p>Tradita shekullore Bigorski vazhdon, misioni p\u00ebr ringjalljen shpirt\u00ebrore dhe mb\u00ebshtetjen e popullit ortodoks maqedonas, duke u insistuar n\u00eb koh\u00ebn ton\u00eb, para syve t\u00eb bot\u00ebs t\u00eb mish\u00ebroj\u00eb n\u00eb zemrat e njer\u00ebzve dy urdh\u00ebrat m\u00eb t\u00eb m\u00ebdha: &#8220;Duaje Zotin, Per\u00ebndin\u00eb t\u00ebnde me gjith\u00eb zemr\u00ebn t\u00ebnde dhe me gjith\u00eb shpirtin&#8230;&#8221; dhe &#8220;Duaje t\u00eb af\u00ebrmin t\u00ebnd si veten t\u00ebnde&#8221; <span style=\"color: #800000; font-size: 10pt;\">(Mat. 22:37-39)<\/span>. Krahas misionit p\u00ebr t&#8217;i m\u00ebsuar popullit t\u00eb v\u00ebrtetat e krishtera, n\u00eb fush\u00ebn e edukimit organizohen ligjerata t\u00eb m\u00ebsimit fetar, nx\u00ebn\u00ebs dhe student\u00eb t\u00eb talentuar arrijn\u00eb dinjitetin p\u00ebr t\u00eb shum\u00ebfishuar talentin e tyre n\u00eb seminaret shpirt\u00ebrore m\u00eb t\u00eb njohura n\u00eb bot\u00ebn ortodokse etj. Jet\u00ebsohet edhe vepra me p\u00ebrmbajtje fetare dhe p\u00ebrkthimi i literatur\u00ebs s\u00eb atit t\u00eb shenjt\u00eb. Mbijn\u00eb gjithashtu edhe shoqatat dhe organizatat e para t\u00eb paqes me detyra t\u00eb vet\u00eb-inicuara, n\u00eb lidhjen m\u00eb t\u00eb ngusht\u00eb me njohurin\u00eb ungjillore t\u00eb shp\u00ebtimit. Nuk harrohet as m\u00ebshira ndaj t\u00eb varf\u00ebrve, vejushave dhe jetim\u00ebve, ngush\u00ebllimi dhe ndihma ndaj t\u00eb varf\u00ebrve dhe t\u00eb shtypurve, si dhe kujdesi p\u00ebr nd\u00ebrtimin e kishave t\u00eb reja dhe restaurimin e t\u00eb vjetrave!<\/p>\n\n\n\n<blockquote class=\"wp-block-quote is-layout-flow wp-block-quote-is-layout-flow\"><p>Pas lutjeve t\u00eb Sh\u00ebn Gjonit, t\u00eb Sh\u00ebn Klimenti dhe Sh\u00ebn Naumit, le t\u00eb shk\u00eblqej\u00eb ky tempull maqedonas, si nj\u00eb shk\u00eblqimin e jasht\u00ebm, edhe me jet\u00ebn shpirt\u00ebrore n\u00eb t\u00ebr\u00ebsi, duke i sh\u00ebrbyer adhuruesve t\u00eb p\u00ebrditsh\u00ebm, n\u00eb m\u00ebnyr\u00eb q\u00eb t\u00eb jeni qendra e rilindjes shpirt\u00ebrore t\u00eb popullit maqedonas dhe Kish\u00ebs Ortodokse Maqedonase.<\/p><cite>Fragment nga predikimi i Mitropolit Timotej,  mbajtur m\u00eb 6 gusht t\u00eb vitit 1995.<\/cite><\/blockquote>\n\n\n\n<p style=\"text-align: left;\">Kisha e Zotit g\u00ebzohet, sepse \u00ebsht\u00eb ringjallur nj\u00eb tjet\u00ebr shenjtore, fsheht\u00ebsia e pranis\u00eb s\u00eb Krishtit, shkall\u00eb druri e Jakobit, shkall\u00eb druri q\u00eb l\u00ebviz midis bot\u00ebs tok\u00ebsore dhe qiellore! I madh \u00ebsht\u00eb g\u00ebzimi i ringjalljes s\u00eb saj. Le t\u00eb fal\u00ebnderojm\u00eb Zotin Per\u00ebndin\u00eb dhe Pag\u00ebzorin e Tij p\u00ebr k\u00ebt\u00eb tempull tonin t\u00eb pashuar, sepse na \u00ebsht\u00eb dh\u00ebn\u00eb nj\u00eb en\u00eb e sapo shenjt\u00ebruar plot me ushqim hyjnor, nj\u00eb qiri i ndezur q\u00eb do t\u00eb shk\u00eblqej\u00eb dhe do t\u00eb digjet.<\/p>\n<p style=\"text-align: center;\"><span style=\"color: #800000;\"><strong>Amin!<\/strong><\/span><\/p>\n","protected":false},"excerpt":{"rendered":"<p>Familja e shenjt\u00eb sllavomaqedonase Bigorski! Ti q\u00eb gjithmon\u00eb shpreson n\u00eb m\u00ebshir\u00ebn e Pararend\u00ebsit, n\u00eb bregun e lumit q\u00eb rrjedh n\u00eb p\u00ebrjet\u00ebsi ke rritur nj\u00eb pem\u00eb t\u00eb bukur pleqsh besimtar\u00eb dhe je b\u00ebr\u00eb si qyteti i zbritur nga qielli, ku banon Zoti me njer\u00ebzit, duke hequr \u00e7do pik\u00eb loti nga syt\u00eb e tyre! Le t\u00eb g\u00ebzohemi,<\/p>\n","protected":false},"author":1,"featured_media":0,"parent":100337,"menu_order":0,"comment_status":"closed","ping_status":"closed","template":"page-bigorski.php","meta":{"_acf_changed":false,"wprm-recipe-roundup-name":"","wprm-recipe-roundup-description":"","ngg_post_thumbnail":0,"footnotes":""},"class_list":["post-100454","page","type-page","status-publish","hentry"],"acf":[],"_links":{"self":[{"href":"https:\/\/bigorski.org.mk\/sq\/wp-json\/wp\/v2\/pages\/100454","targetHints":{"allow":["GET"]}}],"collection":[{"href":"https:\/\/bigorski.org.mk\/sq\/wp-json\/wp\/v2\/pages"}],"about":[{"href":"https:\/\/bigorski.org.mk\/sq\/wp-json\/wp\/v2\/types\/page"}],"author":[{"embeddable":true,"href":"https:\/\/bigorski.org.mk\/sq\/wp-json\/wp\/v2\/users\/1"}],"replies":[{"embeddable":true,"href":"https:\/\/bigorski.org.mk\/sq\/wp-json\/wp\/v2\/comments?post=100454"}],"version-history":[{"count":0,"href":"https:\/\/bigorski.org.mk\/sq\/wp-json\/wp\/v2\/pages\/100454\/revisions"}],"up":[{"embeddable":true,"href":"https:\/\/bigorski.org.mk\/sq\/wp-json\/wp\/v2\/pages\/100337"}],"wp:attachment":[{"href":"https:\/\/bigorski.org.mk\/sq\/wp-json\/wp\/v2\/media?parent=100454"}],"curies":[{"name":"wp","href":"https:\/\/api.w.org\/{rel}","templated":true}]}}