{"id":100458,"date":"2016-12-18T18:27:37","date_gmt":"2016-12-18T17:27:37","guid":{"rendered":"https:\/\/bigorski.org.mk\/?page_id=100458"},"modified":"2022-08-27T22:01:38","modified_gmt":"2022-08-27T21:01:38","slug":"eterit-e-shenjte-per-bamiresine","status":"publish","type":"page","link":"https:\/\/bigorski.org.mk\/sq\/misioni\/eterit-e-shenjte-per-bamiresine\/","title":{"rendered":"Et\u00ebrit e shenjt\u00eb p\u00ebr bamir\u00ebsin\u00eb"},"content":{"rendered":"<h3><span style=\"color: #800000;\">Sh\u00ebn Gjon Gojarti<\/span><\/h3>\n<p>Bamir\u00ebsia \u00ebsht\u00eb dh\u00ebn\u00eb nga Zoti si nj\u00eb urdh\u00ebr dashurie; e mir\u00eb \u00ebsht\u00eb bamir\u00ebsia, me t\u00eb cil\u00ebn n\u00eb dukje shp\u00ebrndahet e n\u00eb t\u00eb v\u00ebrtet\u00eb mblidhet, sepse ashtu si bujku i jep tok\u00ebs dhe mbledh prej saj farat, ashtu edhe l\u00ebmosh, duket se u jep t\u00eb tjer\u00ebve dhe n\u00eb fakt fiton at\u00eb q\u00eb ka dh\u00ebn\u00eb. Madh\u00ebshtia e bamir\u00ebsis\u00eb nuk gjykohet nga masa e parave, por nga gjendja shpirt\u00ebrore me t\u00eb cilin jepet. Q\u00ebndrueshm\u00ebria nuk vler\u00ebsohet sipas madh\u00ebsis\u00eb s\u00eb dhurat\u00ebs, por sipas shkall\u00ebs s\u00eb dhurat\u00ebs n\u00eb raport me pasurin\u00eb e dhuruesit. Mbret\u00ebresha e virtyteve \u00ebsht\u00eb m\u00ebshira, e cila si p\u00ebrfaq\u00ebsuese e mir\u00eb i hap shpejt qiejt p\u00ebr t\u00eb m\u00ebshirshmit.<\/p>\n<p>M\u00ebshira \u00ebsht\u00eb n\u00ebna e dashuris\u00eb, ila\u00e7i p\u00ebr gabimet tona, pastrimi i papast\u00ebrtis\u00eb s\u00eb shpirtrave tan\u00eb, shkall\u00eb e mb\u00ebshtetur n\u00eb qiell, ajo e lidh trupin e Krishtit.<\/p>\n<h3><span style=\"color: #800000;\">Sh\u00ebn Grigorij i Nazianzinit<\/span><\/h3>\n<p>M\u00ebshira \u00ebsht\u00eb m\u00eb e madhja nga t\u00eb gjitha veprat, sepse me t\u00eb blejm\u00eb mbret\u00ebrin\u00eb e qiejve me nj\u00eb \u00e7mim t\u00eb ul\u00ebt, p\u00ebr thesare t\u00eb vogla t\u00eb p\u00ebrkohshme marrim lavdin\u00eb e p\u00ebrjetshme.<\/p>\n<h3><span style=\"color: #800000;\">Sirahu i Urti<\/span><\/h3>\n<p><em>Ashtu si zjarri i ndezur shuhet nga uji, ashtu m\u00ebshira i leht\u00ebson m\u00ebkatet; M\u00ebshira zgjat p\u00ebrgjithmon\u00eb.<\/em><\/p>\n<p>M\u00ebshira q\u00eb vjen nga padrejt\u00ebsia nuk \u00ebsht\u00eb m\u00ebshir\u00eb, por mizori dhe \u00e7njer\u00ebzim, sepse \u00e7far\u00eb dobie ka n\u00ebse e zhvesh dik\u00eb p\u00ebr t\u00eb veshur nj\u00eb tjet\u00ebr? Fillimi i m\u00ebshir\u00ebs duhet t\u00eb jet\u00eb dhembshuria. Nd\u00ebrsa Zoti na i urdh\u00ebron k\u00ebto vepra bamir\u00ebse:<\/p>\n<p>&#8211; t\u2019i ushqejm\u00eb t\u00eb uriturit<br \/>\n&#8211; t\u2019iu japim uj\u00eb t\u00eb eturve<br \/>\n&#8211; t\u00eb veshim t\u00eb zhveshurit<br \/>\n&#8211; t\u00eb pranojm\u00eb t\u00eb huajt<br \/>\n&#8211; t\u2019i vizitojm\u00eb t\u00eb s\u00ebmurit<br \/>\n&#8211; t\u2019i ngush\u00ebllojm\u00eb fatkeq\u00ebt<br \/>\n&#8211; t\u2019i ndihmojm\u00eb t\u00eb burgosurit.<\/p>\n<p>Veprat b\u00ebmir\u00ebse p\u00ebrfshijn\u00eb veprat q\u00eb krijohen p\u00ebr hir t\u00eb edukimit shpirt\u00ebror e moral dhe suksesit t\u00eb t\u00eb af\u00ebrme. M\u00ebshira mbulon nj\u00eb mori m\u00ebkatesh. Ai shp\u00ebton nga vdekja.<\/p>\n<h3><span style=\"color: #800000;\">Sh\u00ebn Nektarij Eginski<\/span><\/h3>\n<p>I m\u00ebshirshmi nuk i mbyll vesh\u00ebt para lutjeve t\u00eb t\u00eb varf\u00ebrve, por nxiton t&#8217;i ndihmoj\u00eb ata. Kur i jep t\u00eb vuajturit, i jep me dashuri dhe dhembshuri, dhe kur i jep t\u00eb varf\u00ebrve, fytyra e tij b\u00ebn drit\u00eb, sepse zemra i g\u00ebzohet nga m\u00ebshira, sepse ka ndihmuar t\u00eb af\u00ebrmin. Dhe t\u00eb m\u00ebshirshmin e do Zoti dhe e shp\u00ebtohet n\u00eb dit\u00ebn kur ka rrezik, sepse Zoti e do at\u00eb q\u00eb jep me g\u00ebzim. I m\u00ebshirshmi jep l\u00ebmosh\u00eb fshehurazi, sepse zemra e tij drejtohet nga dashuria p\u00ebr t\u00eb af\u00ebrmin dhe jo nga d\u00ebshira p\u00ebr lavdi. Ai nuk i g\u00ebzohet luksit dhe k\u00ebnaq\u00ebsis\u00eb, por bamir\u00ebsis\u00eb s\u00eb tij. Sepse ai jeton p\u00ebr dashurin\u00eb p\u00ebr t\u00eb af\u00ebrmin dhe rr\u00ebfen dashurin\u00eb e tij p\u00ebr Zotin p\u00ebrmes dashuris\u00eb p\u00ebr t\u00eb af\u00ebrmin.<\/p>\n<p>I m\u00ebshirshmi e pranon t\u00eb pik\u00eblluarin, nuk i largon syt\u00eb nga ai q\u00eb ka hall, as nuk e kthen fytyr\u00ebn nga i varf\u00ebri, nuk refuzon t&#8217;i jap\u00eb dor\u00ebn v\u00ebllait q\u00eb k\u00ebrkon. Ai i jep buk\u00ebn e tij t\u00eb uriturve, uj\u00eb t\u00eb eturve, mbulon t\u00eb varf\u00ebrit, vesh t\u00eb zhveshurit, ndihmon t\u00eb vuajturit, viziton t\u00eb burgosurit dhe i gostit t\u00eb huajt. Ai p\u00ebrhap bujarin\u00eb, duke shpresuar n\u00eb Zotin, dhe k\u00ebshtu fiton pasuri n\u00eb parajs\u00eb. I m\u00ebshirshmi si ulliri pjellor n\u00eb sht\u00ebpin\u00eb e Zotit, nuk mbetet kurr\u00eb pa shpres\u00eb te Zoti, por p\u00ebr t\u00eb lul\u00ebzon gjithmon\u00eb, ndaj duket si nj\u00eb pem\u00eb me gjelb\u00ebrim t\u00eb p\u00ebrhersh\u00ebm dhe i lumtur p\u00ebr pjellorin\u00eb e tij, jep l\u00ebmosh\u00eb t\u00eb bollshme p\u00ebr t\u00eb gjith\u00eb dhe n\u00eb \u00e7do koh\u00eb. Lum bamir\u00ebsi, sepse ai do t\u00eb jet\u00eb trash\u00ebgimtari i mbret\u00ebris\u00eb s\u00eb p\u00ebrgatitur q\u00eb nga themelimi i bot\u00ebs. Zoti i thot\u00eb bamir\u00ebsve: &#8220;Ejani, t\u00eb bekuar nga Ati im, trash\u00ebgoni mbret\u00ebrin\u00eb t\u00eb p\u00ebrgatitur p\u00ebr ju q\u00eb nga fillimi i bot\u00ebs; sepse pata uri dhe m\u00eb dhat\u00eb t\u00eb ha, pata etje dhe m\u00eb dhat\u00eb t\u00eb pi,isha i huaj dhe m\u00eb pranuat, isha i zhveshur dhe m\u00eb vesh\u00ebt, isha i s\u00ebmur\u00eb dhe m\u00eb vizituat, isha n\u00eb burg dhe erdh\u00ebt tek un\u00eb&#8221; <span style=\"color: #800000; font-size: 10pt;\">(Mt 25:34)<\/span>.<\/p>\n","protected":false},"excerpt":{"rendered":"<p>Sh\u00ebn Gjon Gojarti Bamir\u00ebsia \u00ebsht\u00eb dh\u00ebn\u00eb nga Zoti si nj\u00eb urdh\u00ebr dashurie; e mir\u00eb \u00ebsht\u00eb bamir\u00ebsia, me t\u00eb cil\u00ebn n\u00eb dukje shp\u00ebrndahet e n\u00eb t\u00eb v\u00ebrtet\u00eb mblidhet, sepse ashtu si bujku i jep tok\u00ebs dhe mbledh prej saj farat, ashtu edhe l\u00ebmosh, duket se u jep t\u00eb tjer\u00ebve dhe n\u00eb fakt fiton at\u00eb q\u00eb ka<\/p>\n","protected":false},"author":1,"featured_media":0,"parent":100337,"menu_order":0,"comment_status":"closed","ping_status":"closed","template":"page-bigorski.php","meta":{"_acf_changed":false,"wprm-recipe-roundup-name":"","wprm-recipe-roundup-description":"","ngg_post_thumbnail":0,"footnotes":""},"class_list":["post-100458","page","type-page","status-publish","hentry"],"acf":[],"_links":{"self":[{"href":"https:\/\/bigorski.org.mk\/sq\/wp-json\/wp\/v2\/pages\/100458","targetHints":{"allow":["GET"]}}],"collection":[{"href":"https:\/\/bigorski.org.mk\/sq\/wp-json\/wp\/v2\/pages"}],"about":[{"href":"https:\/\/bigorski.org.mk\/sq\/wp-json\/wp\/v2\/types\/page"}],"author":[{"embeddable":true,"href":"https:\/\/bigorski.org.mk\/sq\/wp-json\/wp\/v2\/users\/1"}],"replies":[{"embeddable":true,"href":"https:\/\/bigorski.org.mk\/sq\/wp-json\/wp\/v2\/comments?post=100458"}],"version-history":[{"count":0,"href":"https:\/\/bigorski.org.mk\/sq\/wp-json\/wp\/v2\/pages\/100458\/revisions"}],"up":[{"embeddable":true,"href":"https:\/\/bigorski.org.mk\/sq\/wp-json\/wp\/v2\/pages\/100337"}],"wp:attachment":[{"href":"https:\/\/bigorski.org.mk\/sq\/wp-json\/wp\/v2\/media?parent=100458"}],"curies":[{"name":"wp","href":"https:\/\/api.w.org\/{rel}","templated":true}]}}