{"id":100459,"date":"2016-12-18T18:28:03","date_gmt":"2016-12-18T17:28:03","guid":{"rendered":"https:\/\/bigorski.org.mk\/?page_id=100459"},"modified":"2022-08-27T22:02:11","modified_gmt":"2022-08-27T21:02:11","slug":"kampet-verore","status":"publish","type":"page","link":"https:\/\/bigorski.org.mk\/sq\/misioni\/kampet-verore\/","title":{"rendered":"Kampet verore"},"content":{"rendered":"<p><span style=\"font-weight: 400;\"><img loading=\"lazy\" decoding=\"async\" src=\"http:\/\/bigorski.org.mk\/wp-content\/uploads\/2017\/04\/DSC01628.jpg\" alt=\"\" class=\"size-full wp-image-89584 aligncenter\" width=\"1920\" height=\"1080\" srcset=\"https:\/\/bigorski.org.mk\/wp-content\/uploads\/2017\/04\/DSC01628.jpg 1920w, https:\/\/bigorski.org.mk\/wp-content\/uploads\/2017\/04\/DSC01628-768x432.jpg 768w\" sizes=\"auto, (max-width: 1920px) 100vw, 1920px\" \/>I gjith\u00eb misioni i manastirit Bigorski synon t&#8217;i p\u00ebrgjigjet aspirat\u00ebs s\u00eb shpirtit njer\u00ebzor drejt Zotit, n\u00eb m\u00ebnyr\u00eb q\u00eb ai t\u00eb hapet p\u00ebr dashurin\u00eb e Zotit dhe t\u00eb mbushet me g\u00ebzim qiellor. Krahas k\u00ebtij \u00ebsht\u00eb edhe misioni nd\u00ebr m\u00eb t\u00eb rinjt\u00eb, i cili mbulon nj\u00eb pjes\u00eb t\u00eb konsiderueshme t\u00eb veprimtaris\u00eb s\u00eb manastireve tona. Plaku yn\u00eb mikprit\u00ebs, arkimandrit Parthenij, besonte me vendosm\u00ebri se ishte e nevojshme dhe e nj\u00eb r\u00ebnd\u00ebsie t\u00eb madhe p\u00ebr t\u00eb ardhmen e popullit, fillimi i organizimit t\u00eb kampeve t\u00eb edukimit fetar, p\u00ebr t\u00eb cilin q\u00eb n\u00eb fillim kishte interes t\u00eb madh. Nga viti n\u00eb vit numri i f\u00ebmij\u00ebve po rritet. Njohja me t\u00eb v\u00ebrtetat themelore p\u00ebr besimin, pun\u00ebtorit\u00eb e ndryshme, loj\u00ebrat dhe bisedat interesante p\u00ebr t\u00eb thelluar p\u00ebrvojat e tyre fetare gjat\u00eb adhurimeve, jan\u00eb vet\u00ebm pjes\u00eb e programit t\u00eb p\u00ebrgjithsh\u00ebm t\u00eb kampeve verore.Ve\u00e7an\u00ebrisht t\u00eb dobishme dhe t\u00ebrheq\u00ebse p\u00ebr ta jan\u00eb bisedat e sinqerta dhe m\u00ebsimore me at\u00eb Parthenij, p\u00ebrmes t\u00eb cilave ata kan\u00eb mund\u00ebsin\u00eb t\u00eb nxjerrin nga p\u00ebrvoja e tij e thell\u00eb shpirt\u00ebrore dhe t\u00eb m\u00ebsojn\u00eb shum\u00eb p\u00ebr jet\u00ebn, dashurin\u00eb, virtytet e ndryshme me t\u00eb cilat \u00ebsht\u00eb stolisur njeriu. P\u00ebrvojat pozitive t\u00eb fituara te ne, g\u00ebzimin dhe shprehit\u00eb e mira, f\u00ebmij\u00ebt i ndajn\u00eb dhe i d\u00ebshmojn\u00eb n\u00eb sht\u00ebpit\u00eb e tyre, n\u00eb shkolla, mes miqsh.<\/span><\/p>\n<p><span style=\"font-weight: 400;\">N\u00eb kuad\u00ebr t\u00eb kujdesit t\u00eb p\u00ebrgjithsh\u00ebm p\u00ebr m\u00eb t\u00eb rinjt\u00eb \u00ebsht\u00eb edhe nd\u00ebrtimi i nj\u00eb kish\u00ebze mbi fsh. Bitushe, kushtuar arsimtar\u00ebve sllav\u00eb, Sh\u00ebn Kirili dhe Metodi, q\u00ebllimi kryesor i t\u00eb cil\u00ebve \u00ebsht\u00eb akomodimi i kampeve vjetore t\u00eb m\u00ebsimit fetar.Nj\u00eb vend i bukur piktoresk q\u00eb me vet\u00eb ekzistenc\u00ebn e tij d\u00ebshmon p\u00ebr pranin\u00eb e Zotit. K\u00ebtu me kampet dhe edukimin fetar do t&#8217;u mund\u00ebsojm\u00eb vizitor\u00ebve tan\u00eb t\u00eb ardhsh\u00ebm me takimin e tyre me Zotin dhe q\u00eb t\u00eb pasurohen me arg\u00ebtim, loj\u00ebra, miq\u00ebsi n\u00eb mes t\u00eb natyr\u00ebs s\u00eb paprekur, e cila, duke kontribuar n\u00eb sh\u00ebndetin e tyre fizik, n\u00eb t\u00eb nj\u00ebjt\u00ebn koh\u00eb do t\u00eb edukoj\u00eb edhe shpirtin e tyre.<\/span><\/p>\n<p><img loading=\"lazy\" decoding=\"async\" src=\"http:\/\/bigorski.org.mk\/wp-content\/uploads\/2019\/05\/leten-kamp-otecot-so-deca.jpg\" alt=\"\" class=\"size-full wp-image-97157 aligncenter\" width=\"2000\" height=\"1333\" srcset=\"https:\/\/bigorski.org.mk\/wp-content\/uploads\/2019\/05\/leten-kamp-otecot-so-deca.jpg 2000w, https:\/\/bigorski.org.mk\/wp-content\/uploads\/2019\/05\/leten-kamp-otecot-so-deca-768x512.jpg 768w\" sizes=\"auto, (max-width: 2000px) 100vw, 2000px\" \/><\/p>\n<p><span style=\"font-weight: 400;\">Prandaj secili prej nesh, \u00e7do prind, \u00e7do shok i f\u00ebmij\u00ebve, i cili \u00ebsht\u00eb p\u00ebrgjegj\u00ebs p\u00ebr rritjen dhe zhvillimin e duhur shpirt\u00ebror, p\u00ebr edukimin e tyre shpirt\u00ebror, n\u00eb k\u00ebt\u00eb kontekst duhet t\u00eb nxis\u00eb dhe inkurajoj\u00eb m\u00eb tej interesimin e tyre p\u00ebr besimin, sepse n\u00ebp\u00ebrmjet tij ata mund t\u00eb b\u00ebhen individ\u00eb q\u00eb do t\u00eb jen\u00eb n\u00eb gjendje fuqish\u00ebm dhe me inkurajim t\u00eb p\u00ebrballen me pengesa t\u00eb v\u00ebshtira dhe t\u00eb pamenaxhueshme n\u00eb bot\u00ebn moderne. Sepse kur nj\u00eb i ri takon Krishtin, ai gjen g\u00ebzim t\u00eb v\u00ebrtet\u00eb tek Ai, e ndjen at\u00eb si di\u00e7ka m\u00eb t\u00eb af\u00ebrt, si dik\u00eb t\u00eb cilit mund t&#8217;i besoj\u00eb plot\u00ebsisht dhe shpejt b\u00ebhet i vet\u00ebdijsh\u00ebm se vet\u00ebm Ai, sepse \u00ebsht\u00eb nj\u00eb Zot i Mir\u00eb, mund t\u00eb vendos\u00eb harmonin\u00eb n\u00eb shpirtin e tij, mund ta b\u00ebj\u00eb at\u00eb t\u00eb rrezatoj\u00eb nj\u00eb forc\u00eb t\u00eb madhe pozitive, t&#8217;i siguroj\u00eb atij nj\u00eb fluturim entuziast.<\/span><\/p>\n<p><img loading=\"lazy\" decoding=\"async\" src=\"http:\/\/bigorski.org.mk\/wp-content\/uploads\/2020\/10\/Kampovi-po-veronauka-pekara-so-otec-Makarij.jpg\" alt=\"\" class=\"size-full wp-image-98400 aligncenter\" width=\"1200\" height=\"800\" srcset=\"https:\/\/bigorski.org.mk\/wp-content\/uploads\/2020\/10\/Kampovi-po-veronauka-pekara-so-otec-Makarij.jpg 1200w, https:\/\/bigorski.org.mk\/wp-content\/uploads\/2020\/10\/Kampovi-po-veronauka-pekara-so-otec-Makarij-768x512.jpg 768w\" sizes=\"auto, (max-width: 1200px) 100vw, 1200px\" \/><\/p>\n<p><span style=\"font-weight: 400;\">Ne, nga ana tjet\u00ebr, jemi pafund\u00ebsisht falenderues q\u00eb jemi t\u00eb nderuar q\u00eb n\u00eb nj\u00eb m\u00ebnyr\u00eb kaq t\u00eb mrekullueshme t&#8217;u d\u00ebshmojm\u00eb Zotin k\u00ebtyre brezave t\u00eb rinj q\u00eb vijn\u00eb tek ne, jemi mir\u00ebnjoh\u00ebs q\u00eb na \u00ebsht\u00eb dh\u00ebn\u00eb mund\u00ebsia t\u00eb kontribojm\u00eb sadopak p\u00ebr zhvillimin e brendsh\u00ebm t\u00eb tyre. Dhe sinqerisht shpresojm\u00eb se ky mision i yni do t\u00eb t\u00ebrheq\u00eb akoma m\u00eb shum\u00eb t\u00eb rinj q\u00eb do t\u00eb duan t\u00eb p\u00ebrjetojn\u00eb g\u00ebzimin dhe bukurin\u00eb e shoq\u00ebrimit me Zotin dhe t\u00eb af\u00ebrmin, sepse vet\u00ebm k\u00ebshtu do t\u00eb m\u00ebsojn\u00eb se jeta \u00ebsht\u00eb n\u00eb fakt shum\u00eb e bukur, se t\u00eb jetosh &#8211; do t\u00eb thot\u00eb t\u00eb g\u00ebzohesh, do t\u00eb thot\u00eb t\u00eb p\u00ebrqafosh gjith\u00eb bot\u00ebn, t\u00eb duash fort t\u00eb gjith\u00eb njer\u00ebzit pavar\u00ebsisht se si jan\u00eb. Nuk ka gj\u00eb m\u00eb t\u00eb bukur se t\u00eb duash, t\u00eb t\u00eb duan vazhdimisht, sepse dashuria ka mundur dhe vazhdon ta mposht\u00eb t\u00eb keqen.<\/span><\/p>\n<h3 style=\"text-align: center;\"><span style=\"color: #800000;\"><a href=\"http:\/\/xn--90aeobjxoi.xn--d1alf\/metosi-skitovi\/bitushe\/\" style=\"color: #800000;\">Nd\u00ebrtimi i kish\u00ebz\u00ebs Kirili dhe Metodi<\/a><\/span><\/h3>\n<p><a href=\"http:\/\/bigorski.org.mk\/wp-content\/uploads\/2016\/12\/donacija.jpg\"><img loading=\"lazy\" decoding=\"async\" class=\"alignnone size-full wp-image-89646\" src=\"http:\/\/bigorski.org.mk\/wp-content\/uploads\/2016\/12\/donacija.jpg\" alt=\"\" width=\"2362\" height=\"1772\" srcset=\"https:\/\/bigorski.org.mk\/wp-content\/uploads\/2016\/12\/donacija.jpg 2362w, https:\/\/bigorski.org.mk\/wp-content\/uploads\/2016\/12\/donacija-768x576.jpg 768w\" sizes=\"auto, (max-width: 2362px) 100vw, 2362px\" \/><\/a><\/p>\n\n\nngg_shortcode_0_placeholder\n","protected":false},"excerpt":{"rendered":"<p>I gjith\u00eb misioni i manastirit Bigorski synon t&#8217;i p\u00ebrgjigjet aspirat\u00ebs s\u00eb shpirtit njer\u00ebzor drejt Zotit, n\u00eb m\u00ebnyr\u00eb q\u00eb ai t\u00eb hapet p\u00ebr dashurin\u00eb e Zotit dhe t\u00eb mbushet me g\u00ebzim qiellor. Krahas k\u00ebtij \u00ebsht\u00eb edhe misioni nd\u00ebr m\u00eb t\u00eb rinjt\u00eb, i cili mbulon nj\u00eb pjes\u00eb t\u00eb konsiderueshme t\u00eb veprimtaris\u00eb s\u00eb manastireve tona. Plaku yn\u00eb mikprit\u00ebs,<\/p>\n","protected":false},"author":1,"featured_media":0,"parent":100337,"menu_order":0,"comment_status":"closed","ping_status":"closed","template":"page-bigorski.php","meta":{"_acf_changed":false,"wprm-recipe-roundup-name":"","wprm-recipe-roundup-description":"","ngg_post_thumbnail":0,"footnotes":""},"class_list":["post-100459","page","type-page","status-publish","hentry"],"acf":[],"_links":{"self":[{"href":"https:\/\/bigorski.org.mk\/sq\/wp-json\/wp\/v2\/pages\/100459","targetHints":{"allow":["GET"]}}],"collection":[{"href":"https:\/\/bigorski.org.mk\/sq\/wp-json\/wp\/v2\/pages"}],"about":[{"href":"https:\/\/bigorski.org.mk\/sq\/wp-json\/wp\/v2\/types\/page"}],"author":[{"embeddable":true,"href":"https:\/\/bigorski.org.mk\/sq\/wp-json\/wp\/v2\/users\/1"}],"replies":[{"embeddable":true,"href":"https:\/\/bigorski.org.mk\/sq\/wp-json\/wp\/v2\/comments?post=100459"}],"version-history":[{"count":0,"href":"https:\/\/bigorski.org.mk\/sq\/wp-json\/wp\/v2\/pages\/100459\/revisions"}],"up":[{"embeddable":true,"href":"https:\/\/bigorski.org.mk\/sq\/wp-json\/wp\/v2\/pages\/100337"}],"wp:attachment":[{"href":"https:\/\/bigorski.org.mk\/sq\/wp-json\/wp\/v2\/media?parent=100459"}],"curies":[{"name":"wp","href":"https:\/\/api.w.org\/{rel}","templated":true}]}}