{"id":100461,"date":"2016-12-18T18:28:29","date_gmt":"2016-12-18T17:28:29","guid":{"rendered":"https:\/\/bigorski.org.mk\/?page_id=100461"},"modified":"2022-08-27T22:02:26","modified_gmt":"2022-08-27T21:02:26","slug":"koncerte-shpirterore","status":"publish","type":"page","link":"https:\/\/bigorski.org.mk\/sq\/misioni\/koncerte-shpirterore\/","title":{"rendered":"Koncerte shpirt\u00ebrore"},"content":{"rendered":"<p>M\u00eb 5 prill 2012 u zhvillua nj\u00eb ngjarje e mrekullueshme dhe e pazakont\u00eb shpirt\u00ebrore-muzikore, e cila n\u00eb m\u00ebnyr\u00eb t\u00eb pazakont\u00eb dhe t\u00ebrheq\u00ebse arriti t&#8217;i sjell\u00eb besimtar\u00ebve tan\u00eb p\u00ebrjetim unik dhe t\u00eb thell\u00eb t\u00eb adhurimeve t\u00eb jav\u00ebs s\u00eb agjerimit. P\u00ebrkat\u00ebsisht, pak para fillimit t\u00eb Jav\u00ebs s\u00eb agjerimit, n\u00eb Sall\u00ebn universale t\u00eb Shkupit, u mbajt koncerti shpirt\u00ebror i Pashk\u00ebve i quajtur &#8220;Jehona e Pashk\u00ebve&#8221;, n\u00eb nderim dhe kujtim t\u00eb vuajtjeve shp\u00ebtuese t\u00eb Krishtit dhe Ringjalljen e Tij t\u00eb lavdishme. N\u00eb koncertin e organizuar nga manastiri i shenjt\u00eb Bigorski dhe miqt\u00eb e tij, u interpretuan disa k\u00ebng\u00eb karakteristike nga adhuruesit t\u00eb Jav\u00ebs s\u00eb agjerimit dhe k\u00ebng\u00ebs kishtare.<\/p>\n<p><img loading=\"lazy\" decoding=\"async\" class=\"size-full wp-image-89037 alignleft\" src=\"http:\/\/bigorski.org.mk\/wp-content\/uploads\/2016\/12\/10-1.jpg\" alt=\"\" width=\"552\" height=\"414\">P\u00ebr k\u00ebt\u00eb koncert, p\u00ebr her\u00eb t\u00eb par\u00eb n\u00eb historin\u00eb e muzik\u00ebs maqedonase, \u00ebsht\u00eb b\u00ebr\u00eb orkestrimi i k\u00ebng\u00ebve t\u00eb lashta ortodokse lindore nga kompozitori dhe profesori yn\u00eb i shquar, z. Zhivojin Glishiq, i cili ka punuar n\u00eb k\u00ebt\u00eb vep\u00ebr p\u00ebr nj\u00eb koh\u00eb t\u00eb gjat\u00eb. N\u00eb interpretimin e melodive t\u00eb njohura mor\u00ebn pjes\u00eb Filarmonia Maqedonase, k\u00ebng\u00ebtari yn\u00eb i njohur i estrad\u00ebs Llambe Allabakovski, murgesha Kasijana nga manastiri n\u00eb Raj\u00e7iic\u00eb dhe kori i pran\u00eb Kish\u00ebs Ortodokse Maqedonase. Manastiri i Bigorskit s\u00eb bashku me bashk\u00ebpun\u00ebtor\u00ebt e tij ia kushtoi k\u00ebt\u00eb koncert Kish\u00ebs s\u00eb tij M\u00ebm\u00eb &#8211; Kryepeshkopat\u00ebs s\u00eb lavdishme dhe m\u00eb t\u00eb shenjt\u00eb t\u00eb Ohrit, duke e uruar p\u00ebr jubileun 45 vje\u00e7ar: rivendosjen e autoqefalis\u00eb n\u00eb pamjen e KOM-it.<\/p>\n<p><img loading=\"lazy\" decoding=\"async\" class=\"alignnone size-full wp-image-89038\" src=\"http:\/\/bigorski.org.mk\/wp-content\/uploads\/2016\/12\/11-1.jpg\" alt=\"\" width=\"817\" height=\"295\" srcset=\"https:\/\/bigorski.org.mk\/wp-content\/uploads\/2016\/12\/11-1.jpg 817w, https:\/\/bigorski.org.mk\/wp-content\/uploads\/2016\/12\/11-1-768x277.jpg 768w\" sizes=\"auto, (max-width: 817px) 100vw, 817px\" \/><\/p>\n<p>Mesazhi i k\u00ebtij eventi muzikor jehoi aq fuqish\u00ebm dhe p\u00ebr nj\u00eb moment p\u00ebrcolli disponimin e Pashk\u00ebve n\u00eb mbar\u00eb vendin ton\u00eb, duke p\u00ebrgatitur popullin ton\u00eb p\u00ebr sh\u00ebrbimet e adhurimit n\u00eb shtat\u00eb dit\u00ebt e ardhshme. Ajo q\u00eb ishte shum\u00eb e r\u00ebnd\u00ebsishme ishte hapja dhe pritja e mrekullueshme nga ata q\u00eb e d\u00ebgjuan k\u00ebt\u00eb k\u00ebng\u00eb hyjnore, ndoshta p\u00ebr her\u00eb t\u00eb par\u00eb. Ishte nj\u00eb g\u00ebzim i v\u00ebrtet\u00eb t\u00eb shihje fytyrat e tyre rrezatuese, lot\u00ebt n\u00eb syt\u00eb e tyre, buz\u00ebqeshjet dhe shpres\u00ebn q\u00eb jehonte n\u00eb fjal\u00ebt e tyre nd\u00ebrsa shk\u00ebmbenin p\u00ebrshtypjet e tyre t\u00eb g\u00ebzueshme. Fal\u00ebnderojm\u00eb Zotin p\u00ebr k\u00ebt\u00eb vizit\u00eb t\u00eb bekuar qiellore, e cila at\u00eb vit n\u00eb mbar\u00eb kombin ngjalli nj\u00eb d\u00ebshir\u00eb t\u00eb fort\u00eb p\u00ebr t\u00eb cil\u00ebn shk\u00eblqeu n\u00eb pritjen e Pask\u00ebs s\u00eb Shenjt\u00eb.<\/p>\n<p><img loading=\"lazy\" decoding=\"async\" class=\"alignnone size-full wp-image-89039\" src=\"http:\/\/bigorski.org.mk\/wp-content\/uploads\/2016\/12\/12-1.jpg\" alt=\"\" width=\"817\" height=\"414\" srcset=\"https:\/\/bigorski.org.mk\/wp-content\/uploads\/2016\/12\/12-1.jpg 817w, https:\/\/bigorski.org.mk\/wp-content\/uploads\/2016\/12\/12-1-768x389.jpg 768w\" sizes=\"auto, (max-width: 817px) 100vw, 817px\" \/><\/p>\n<p style=\"text-align: center;\">***<\/p>\n<p><a href=\"https:\/\/bigorski.org.mk\/wp-content\/uploads\/2016\/12\/Bilbord-4x3.jpg\"><img loading=\"lazy\" decoding=\"async\" class=\"alignright wp-image-89645\" src=\"https:\/\/bigorski.org.mk\/wp-content\/uploads\/2016\/12\/Bilbord-4x3.jpg\" alt=\"\" width=\"552\" height=\"368\" srcset=\"https:\/\/bigorski.org.mk\/wp-content\/uploads\/2016\/12\/Bilbord-4x3.jpg 817w, https:\/\/bigorski.org.mk\/wp-content\/uploads\/2016\/12\/Bilbord-4x3-768x511.jpg 768w\" sizes=\"auto, (max-width: 552px) 100vw, 552px\" \/><\/a><\/p>\n<p>Vitin tjet\u00ebr, m\u00eb 24 prill 2013, s\u00ebrish para Jav\u00ebs s\u00eb agj\u00ebrimit, besimtar\u00ebt pat\u00ebn mund\u00ebsin\u00eb t\u00eb ndjekin koncertin e dyt\u00eb t\u00eb k\u00ebtij lloji me titull &#8220;Vuajtjet e Zotit&#8221;, me interpretimin e k\u00ebng\u00ebve karakteristike nga adhuruesit e Jav\u00ebs s\u00eb agj\u00ebrimit. K\u00ebto ishin vargjet e s\u00eb H\u00ebn\u00ebs s\u00eb Madhe: &#8220;Zoti duke shkuar p\u00ebr t\u00eb vuajtur vullnetarisht&#8221;, k\u00ebnga kishtare e tri dit\u00ebve t\u00eb para t\u00eb Jav\u00ebs s\u00eb agj\u00ebrimit: &#8220;Ja, dh\u00ebndri vjen n\u00eb mesnat\u00eb&#8221;; artikull nga e Premtja e Madhe dhe e Shtuna e Madhe, mes tjerash edhe &#8220;Sot ri varur n\u00eb nj\u00eb pem\u00eb&#8221;; k\u00ebng\u00eb kishtare t\u00eb zgjedhura nga tre artikujt e vajtimit t\u00eb Krishtit, t\u00eb nd\u00ebrthurura me lexime t\u00eb k\u00ebng\u00ebve kishtare prek\u00ebse nga Libri i agj\u00ebrimit, si dhe k\u00ebnga kishtare e ringjallur. N\u00eb k\u00ebt\u00eb shfaqje mor\u00ebn pjes\u00eb: k\u00ebng\u00ebtari yn\u00eb i njohur i estrad\u00ebs Dimitar Andonovski, murgesha Kasijana nga manastiri i Raj\u00e7ic\u00ebs, kori i familjes s\u00eb shenjt\u00eb Bigorski, si dhe e ftuara speciale Nektaria Karanxi nga Greqia, t\u00eb gjith\u00eb t\u00eb shoq\u00ebruar nga tingujt e bukur t\u00eb Filarmonis\u00eb s\u00eb Maqedonis\u00eb.<\/p>\n<p><img loading=\"lazy\" decoding=\"async\" class=\"alignnone size-full wp-image-89036\" src=\"http:\/\/bigorski.org.mk\/wp-content\/uploads\/2016\/12\/4.png\" alt=\"\" width=\"817\" height=\"414\" srcset=\"https:\/\/bigorski.org.mk\/wp-content\/uploads\/2016\/12\/4.png 817w, https:\/\/bigorski.org.mk\/wp-content\/uploads\/2016\/12\/4-768x389.png 768w\" sizes=\"auto, (max-width: 817px) 100vw, 817px\" \/><\/p>\n<p>Moderator i k\u00ebsaj eksperience t\u00eb pazakont\u00eb muzikore ishte aktori yn\u00eb i njohur, Vllado Jovanovski. Autor i ciklit &#8220;Vuajtjet e Zotit&#8221; \u00ebsht\u00eb kompozitori Vlladimir Dimovski. K\u00ebt\u00eb her\u00eb manastiri Bigorski, s\u00eb bashku me bashk\u00ebpun\u00ebtor\u00ebt e tij, koncertin ia kushtoi dy p\u00ebrvjetor\u00ebve shum\u00eb t\u00eb r\u00ebnd\u00ebsish\u00ebm: 1700 vjet nga botimi i Ediktit t\u00eb Milanos, i cili i jep besimit t\u00eb krishter\u00eb liri dhe 1150 vjet t\u00eb Misionit t\u00eb lavdish\u00ebm moravian t\u00eb v\u00ebllez\u00ebrve t\u00eb shenjt\u00eb Kirilit dhe Metodit, m\u00ebsues dhe arsimtar\u00eb gjith\u00ebsllav\u00eb.<\/p>\n<p><img loading=\"lazy\" decoding=\"async\" class=\"size-medium wp-image-89035 alignnone\" src=\"http:\/\/bigorski.org.mk\/wp-content\/uploads\/2016\/12\/9-2.jpg\" alt=\"\" width=\"817\" height=\"414\" srcset=\"https:\/\/bigorski.org.mk\/wp-content\/uploads\/2016\/12\/9-2.jpg 817w, https:\/\/bigorski.org.mk\/wp-content\/uploads\/2016\/12\/9-2-768x389.jpg 768w\" sizes=\"auto, (max-width: 817px) 100vw, 817px\" \/><\/p>\n<p>Populli yn\u00eb i devotsh\u00ebm e p\u00ebrqafoi edhe nj\u00eb her\u00eb me dashuri mund\u00ebsin\u00eb p\u00ebr t\u00eb lavd\u00ebruar Zotin n\u00eb nj\u00eb m\u00ebnyr\u00eb kaq melodike. Zemrat e t\u00eb gjith\u00eb t\u00eb pranishm\u00ebve n\u00eb Sall\u00ebn Universale t\u00eb mbushur plot me njer\u00ebz, si dhe atyre q\u00eb ndoq\u00ebn transmetimin drejtp\u00ebrdrejt nga sht\u00ebpit\u00eb e tyre, u bashkuan n\u00eb t\u00eb nj\u00ebjtin g\u00ebzimkrishtor q\u00eb ringjall, i cili dukej sikur e lyente qytetin me ngjyra m\u00eb t\u00eb hareshme dhe p\u00ebrhapte kudo mesazhin t\u00eb cilin N\u00ebna jon\u00eb e Shenjt\u00eb \u2013 Kisha e p\u00ebrhapi p\u00ebrmes k\u00ebsaj p\u00ebrvoje shpirt\u00ebrore muzikore. Dhe mesazhi buronte nga \u00e7do varg q\u00eb p\u00ebrmes melodive t\u00eb bukura bizantine, mesazh, q\u00eb, ja, \u00ebsht\u00eb afruar koha q\u00eb p\u00ebrmes adhurimeve t\u00eb Jav\u00ebs s\u00eb ag\u00ebrimit q\u00eb po vjen t\u00eb kujtojm\u00eb Vuajtjet e Shp\u00ebtimtarit ton\u00eb t\u00eb dashur dhe p\u00ebr ta lavd\u00ebruar At\u00eb me mir\u00ebnjohje, duke mos e p\u00ebr\u00e7muar sakrific\u00ebn e Tij. Mir\u00ebpo mesazhi i d\u00ebrguar nga e ftuara jon\u00eb e nderit nga Greqia, k\u00ebng\u00ebtarja e njohur e k\u00ebng\u00ebve bizantine dhe tradicionale, zonja Nektaria Karanxi, performanca e s\u00eb cil\u00ebs i g\u00ebzoi t\u00eb gjith\u00eb dhe u prit me admirim dhe duartrokitje t\u00eb forta, b\u00ebri jehon\u00eb m\u00eb t\u00eb fort\u00eb. E prekur nga dashuria e treguar, ajo iu drejtua t\u00eb pranishm\u00ebve n\u00eb sall\u00eb dhe fal\u00ebnderoi sinqerisht p\u00ebr pritjen e ngroht\u00eb, me nj\u00eb fal\u00ebnderim t\u00eb ve\u00e7ant\u00eb p\u00ebr plakun ton\u00eb, Arkimandrit Parthenij, i cili ftoi k\u00ebt\u00eb k\u00ebng\u00ebtare t\u00eb njohur greke t\u00eb marr\u00eb pjes\u00eb n\u00eb koncert dhe u kujdes p\u00ebr mikpritjen e saj n\u00eb vendin ton\u00eb. Kjo ishte shfaqja e par\u00eb t\u00eb nderuar\u00ebs, zonj\u00ebs Karanxi n\u00eb vendin ton\u00eb dhe duke pasur parasysh autoritetin e saj t\u00eb madh n\u00eb rrath\u00ebt kishtare n\u00eb Greqi, por edhe n\u00eb t\u00eb gjith\u00eb Ortodoksin\u00eb, si ambasadore e muzik\u00ebs bizantine, pjes\u00ebmarrja e saj n\u00eb koncert u perceptua si nj\u00eb hap i madh drejt afrimit t\u00eb kombeve.<\/p>\n<p><a href=\"http:\/\/bigorski.org.mk\/wp-content\/uploads\/2016\/12\/IMG_3282-1.jpg\"><img loading=\"lazy\" decoding=\"async\" class=\"alignnone size-full wp-image-89651\" src=\"http:\/\/bigorski.org.mk\/wp-content\/uploads\/2016\/12\/IMG_3282-1.jpg\" alt=\"\" width=\"1920\" height=\"1280\" srcset=\"https:\/\/bigorski.org.mk\/wp-content\/uploads\/2016\/12\/IMG_3282-1.jpg 1920w, https:\/\/bigorski.org.mk\/wp-content\/uploads\/2016\/12\/IMG_3282-1-768x512.jpg 768w\" sizes=\"auto, (max-width: 1920px) 100vw, 1920px\" \/><\/a><\/p>\n","protected":false},"excerpt":{"rendered":"<p>M\u00eb 5 prill 2012 u zhvillua nj\u00eb ngjarje e mrekullueshme dhe e pazakont\u00eb shpirt\u00ebrore-muzikore, e cila n\u00eb m\u00ebnyr\u00eb t\u00eb pazakont\u00eb dhe t\u00ebrheq\u00ebse arriti t&#8217;i sjell\u00eb besimtar\u00ebve tan\u00eb p\u00ebrjetim unik dhe t\u00eb thell\u00eb t\u00eb adhurimeve t\u00eb jav\u00ebs s\u00eb agjerimit. P\u00ebrkat\u00ebsisht, pak para fillimit t\u00eb Jav\u00ebs s\u00eb agjerimit, n\u00eb Sall\u00ebn universale t\u00eb Shkupit, u mbajt koncerti shpirt\u00ebror<\/p>\n","protected":false},"author":1,"featured_media":0,"parent":100337,"menu_order":0,"comment_status":"closed","ping_status":"closed","template":"page-bigorski.php","meta":{"_acf_changed":false,"wprm-recipe-roundup-name":"","wprm-recipe-roundup-description":"","ngg_post_thumbnail":0,"footnotes":""},"class_list":["post-100461","page","type-page","status-publish","hentry"],"acf":[],"_links":{"self":[{"href":"https:\/\/bigorski.org.mk\/sq\/wp-json\/wp\/v2\/pages\/100461","targetHints":{"allow":["GET"]}}],"collection":[{"href":"https:\/\/bigorski.org.mk\/sq\/wp-json\/wp\/v2\/pages"}],"about":[{"href":"https:\/\/bigorski.org.mk\/sq\/wp-json\/wp\/v2\/types\/page"}],"author":[{"embeddable":true,"href":"https:\/\/bigorski.org.mk\/sq\/wp-json\/wp\/v2\/users\/1"}],"replies":[{"embeddable":true,"href":"https:\/\/bigorski.org.mk\/sq\/wp-json\/wp\/v2\/comments?post=100461"}],"version-history":[{"count":0,"href":"https:\/\/bigorski.org.mk\/sq\/wp-json\/wp\/v2\/pages\/100461\/revisions"}],"up":[{"embeddable":true,"href":"https:\/\/bigorski.org.mk\/sq\/wp-json\/wp\/v2\/pages\/100337"}],"wp:attachment":[{"href":"https:\/\/bigorski.org.mk\/sq\/wp-json\/wp\/v2\/media?parent=100461"}],"curies":[{"name":"wp","href":"https:\/\/api.w.org\/{rel}","templated":true}]}}