{"id":100464,"date":"2016-12-18T18:29:42","date_gmt":"2016-12-18T17:29:42","guid":{"rendered":"https:\/\/bigorski.org.mk\/?page_id=100464"},"modified":"2022-08-27T21:58:22","modified_gmt":"2022-08-27T20:58:22","slug":"toka-shen-georgij-fitimtari","status":"publish","type":"page","link":"https:\/\/bigorski.org.mk\/sq\/pronat-e-manastirit-dhe-skitet\/toka-shen-georgij-fitimtari\/","title":{"rendered":"Toka Sh\u00ebn Georgij Fitimtari"},"content":{"rendered":"<h3><em>Sa t\u00eb \u00ebmbla jan\u00eb vendbanimet e tua, o Zot i fuqive! Shpirti im d\u00ebshiron t\u00eb jet\u00eb n\u00eb oborret e Zotit\u2026 Lum ata q\u00eb banojn\u00eb n\u00eb sht\u00ebpin\u00eb t\u00ebnde; ata vazhdimisht t\u00eb lavd\u00ebrojn\u00eb.<\/em><\/h3>\n<p>Kjo \u00ebsht\u00eb ndjenja kur, t\u00eb udh\u00ebhequr nga dashuria p\u00ebr Zotin, hapim der\u00ebn e k\u00ebtij tempulli shpirt\u00ebror, n\u00eb t\u00eb cilin u ringjall jeta monastike n\u00ebn kujdesin e martirit dhe fitimtarit t\u00eb madh, Sh\u00ebn Georgij. Sikur t\u00eb hapet nj\u00eb kopsht misterioz para teje, nj\u00eb bot\u00eb e re, ndryshe, q\u00eb t\u00eb mbush me bekim, nj\u00eb cop\u00ebz e vog\u00ebl parajse e mbetur k\u00ebtu p\u00ebr t\u00eb zgjuar n\u00eb zemrat tona mallin p\u00ebr Zotin dhe p\u00ebr g\u00ebzimin e p\u00ebrjetsh\u00ebm n\u00eb atdheun ton\u00eb qiellor.<\/p>\n<figure id=\"attachment_88678\" aria-describedby=\"caption-attachment-88678\" style=\"width: 817px\" class=\"wp-caption aligncenter\"><a href=\"http:\/\/bigorski.org.mk\/wp-content\/uploads\/2016\/12\/rajcica.jpg\"><img loading=\"lazy\" decoding=\"async\" class=\"size-full wp-image-88678\" src=\"http:\/\/bigorski.org.mk\/wp-content\/uploads\/2016\/12\/rajcica.jpg\" alt=\"Raj\u00e7ica\" width=\"817\" height=\"406\" srcset=\"https:\/\/bigorski.org.mk\/wp-content\/uploads\/2016\/12\/rajcica.jpg 817w, https:\/\/bigorski.org.mk\/wp-content\/uploads\/2016\/12\/rajcica-768x382.jpg 768w\" sizes=\"auto, (max-width: 817px) 100vw, 817px\" \/><\/a><figcaption id=\"caption-attachment-88678\" class=\"wp-caption-text\">Raj\u00e7ica<\/figcaption><\/figure>\n<blockquote><p>Nj\u00eb pjes\u00eb e vog\u00ebl parajse e mbetur k\u00ebtu p\u00ebr t\u00eb zgjuar n\u00eb zemrat tona mallin p\u00ebr Zotin dhe g\u00ebzimin e p\u00ebrjetsh\u00ebm n\u00eb atdheun ton\u00eb qiellor.<\/p><\/blockquote>\n<p>Ky manastir madh\u00ebshtor u restaurua me p\u00ebrpjekje dhe p\u00ebrkushtim t\u00eb madh t\u00eb abatit t\u00eb Familjes s\u00eb Shenjt\u00eb Bigorski, Arkimandrit Parthenij. Ai, me nderim t\u00eb madh p\u00ebr Fitimtarin, s\u00eb bashku me v\u00ebllez\u00ebrit e tij sipas Krishtit, jo vet\u00ebm q\u00eb e ngrit\u00ebn nga themeli, por edhe e ringjall\u00ebn shpirt\u00ebrisht sht\u00ebpin\u00eb e tij t\u00eb shenjt\u00eb. Gjegj\u00ebsisht, n\u00eb periudh\u00ebn pas Luft\u00ebs s\u00eb Dyt\u00eb Bot\u00ebrore, manastiri i Sh\u00ebn Georgit ishte plot\u00ebsisht i braktisur, nga konaqet kishin mbetur vet\u00ebm disa dhoma, t\u00eb mbetura n\u00eb harres\u00eb dhe tashm\u00eb t\u00eb rr\u00ebnuara. Mir\u00ebpo, d\u00ebshira e madhe dhe besimi i fort\u00eb i Arkimandrit Parthenij nuk mbet\u00ebn t\u00eb pafrytshme. Me bekim t\u00eb Zotit, p\u00ebrgatitjet p\u00ebr restaurimin filluan n\u00eb ver\u00ebn e vitit 1999 dhe pik\u00ebrisht n\u00eb dit\u00ebn e Kryqit t\u00eb vitit 1999, n\u00eb prani t\u00eb Mitropolitit Timotej, u shenjt\u00ebruan themelet e konakut t\u00eb ri t\u00eb manastirit, t\u00eb cilat n\u00eb pak koh\u00eb, pak m\u00eb shum\u00eb se nj\u00eb vit u ngrit si nj\u00eb feniks n\u00eb themelet e kompleksit t\u00eb vjet\u00ebr t\u00eb manastirit. Q\u00eb m\u00eb 4 qershor t\u00eb vitit 2001, manastiri u shugurua dhe q\u00eb at\u00ebher\u00eb ekziston si nj\u00eb manastir aktiv fem\u00ebror n\u00ebn kujdesin shpirt\u00ebror t\u00eb familjes Bigorski.<\/p>\n<figure id=\"attachment_88680\" aria-describedby=\"caption-attachment-88680\" style=\"width: 817px\" class=\"wp-caption aligncenter\"><a href=\"http:\/\/bigorski.org.mk\/wp-content\/uploads\/2016\/12\/rajcica3.jpg\"><img loading=\"lazy\" decoding=\"async\" class=\"size-full wp-image-88680\" src=\"http:\/\/bigorski.org.mk\/wp-content\/uploads\/2016\/12\/rajcica3.jpg\" alt=\"Raj\u00e7ica\" width=\"817\" height=\"406\" srcset=\"https:\/\/bigorski.org.mk\/wp-content\/uploads\/2016\/12\/rajcica3.jpg 817w, https:\/\/bigorski.org.mk\/wp-content\/uploads\/2016\/12\/rajcica3-768x382.jpg 768w\" sizes=\"auto, (max-width: 817px) 100vw, 817px\" \/><\/a><figcaption id=\"caption-attachment-88680\" class=\"wp-caption-text\">Brend\u00ebsia e tempullit t\u00eb Sh\u00ebn Georgijit<\/figcaption><\/figure>\n<p>N\u00eb t\u00eb kaluar\u00ebn, toka e Sh\u00ebn Georgijit ka funksionuar si pjes\u00eb ekonomike e manastirit Bigorski. Ai ishte shum\u00eb i pasur dhe zot\u00ebronte prona t\u00eb m\u00ebdha manastiri, ara dhe vreshta. K\u00ebtu prodhoheshin shum\u00eb produkte p\u00ebr nevojat e tempullit t\u00eb Bigorskit. Gjat\u00eb viteve t\u00eb historis\u00eb s\u00eb trazuar maqedonase, ai u sulmua dhe u shkat\u00ebrrua disa her\u00eb, por megjithat\u00eb kujdesi i abat\u00ebve t\u00eb familjes Bigorski e rip\u00ebrt\u00ebriu dhe e mir\u00ebmbante vazhdimisht k\u00ebt\u00eb tok\u00eb. Ndoshta themeluesi m\u00eb meritor p\u00ebrgjegj\u00ebs p\u00ebr rind\u00ebrtimin e saj n\u00eb t\u00eb kaluar\u00ebn e larg\u00ebt \u00ebsht\u00eb abati Arsenij (abat nga viti 1807 deri n\u00eb 1839), n\u00ebn udh\u00ebheqjen e t\u00eb cilit u nd\u00ebrtua kisha e sotme, q\u00eb daton nga viti 1835 dhe u nd\u00ebrtua mbi themelet e nj\u00eb kishe edhe m\u00eb t\u00eb vjet\u00ebr t\u00eb shekullit t\u00eb 16-t\u00eb. Kisha \u00ebsht\u00eb e mbushur me afreske t\u00eb pasura t\u00eb punuara nga duart e hieromonkut Daniill dhe babait t\u00eb tij Mihailli, si dhe Di\u00e7o piktorit t\u00eb njohur t\u00eb shekullit XIX. Ky afresk \u00ebsht\u00eb plot\u00ebsisht i ruajtur dhe \u00ebsht\u00eb pjes\u00eb e r\u00ebnd\u00ebsishme e thesarit t\u00eb pasur t\u00eb trash\u00ebgimis\u00eb kulturore dhe historike t\u00eb popullit maqedonas.<\/p>\n<figure id=\"attachment_88682\" aria-describedby=\"caption-attachment-88682\" style=\"width: 817px\" class=\"wp-caption aligncenter\"><a href=\"http:\/\/bigorski.org.mk\/wp-content\/uploads\/2016\/12\/rajcica5.jpg\"><img loading=\"lazy\" decoding=\"async\" class=\"size-full wp-image-88682\" src=\"http:\/\/bigorski.org.mk\/wp-content\/uploads\/2016\/12\/rajcica5.jpg\" alt=\"Raj\u00e7ica\" width=\"817\" height=\"406\" srcset=\"https:\/\/bigorski.org.mk\/wp-content\/uploads\/2016\/12\/rajcica5.jpg 817w, https:\/\/bigorski.org.mk\/wp-content\/uploads\/2016\/12\/rajcica5-768x382.jpg 768w\" sizes=\"auto, (max-width: 817px) 100vw, 817px\" \/><\/a><figcaption id=\"caption-attachment-88682\" class=\"wp-caption-text\">Kupola n\u00eb litia, ku \u00ebsht\u00eb pikturuar shenjtori mbrojt\u00ebs i familjes Bigorski, Sh\u00ebn Gjon Pararend\u00ebsi<\/figcaption><\/figure>\n<p>N\u00eb konakun e restauruar u ngrit p\u00ebr her\u00eb t\u00eb par\u00eb nj\u00eb kish\u00ebz kushtuar shenjtor\u00ebve Gjon Kukuzel, Grigor Palama dhe Nektarij Bitolski. Afreskimi n\u00eb kish\u00ebz, i cili \u00ebsht\u00eb n\u00eb stilin bizantin, n\u00eb modelin e afreskeve nga kisha e Sh\u00ebn Maris\u00eb &#8211; Perivlepta n\u00eb Oh\u00ebr, p\u00ebrfundoi n\u00eb vitin 2005. M\u00eb pas vijoi shugurimi nga Mitropoliti Timotej, i cili, me vullnetin e Zotit, u krye pik\u00ebrisht n\u00eb dit\u00ebn kushtuar Sh\u00ebn Grigor Palama, n\u00eb jav\u00ebn e dyt\u00eb t\u00eb Agj\u00ebrimit t\u00eb Madh. Kjo dit\u00eb tradicionalisht festohet \u00e7do vit me vigjilje gjat\u00eb gjith\u00eb nat\u00ebs.<\/p>\n<figure id=\"attachment_98343\" aria-describedby=\"caption-attachment-98343\" style=\"width: 1200px\" class=\"wp-caption aligncenter\"><img loading=\"lazy\" decoding=\"async\" class=\"wp-image-69070 size-full\" src=\"http:\/\/bigorski.org.mk\/wp-content\/uploads\/2020\/09\/Arhimandrit-Partenij-so-sestrinstvoto-na-Manastirot.jpg\" alt=\"\" width=\"1200\" height=\"675\" srcset=\"https:\/\/bigorski.org.mk\/wp-content\/uploads\/2020\/09\/Arhimandrit-Partenij-so-sestrinstvoto-na-Manastirot.jpg 1200w, https:\/\/bigorski.org.mk\/wp-content\/uploads\/2020\/09\/Arhimandrit-Partenij-so-sestrinstvoto-na-Manastirot-768x432.jpg 768w, https:\/\/bigorski.org.mk\/wp-content\/uploads\/2020\/09\/Arhimandrit-Partenij-so-sestrinstvoto-na-Manastirot-480x270.jpg 480w\" sizes=\"auto, (max-width: 1200px) 100vw, 1200px\" \/><figcaption id=\"caption-attachment-98343\" class=\"wp-caption-text\">Peshkopi Parthenij me mot\u00ebrsin\u00eb e manastirit<\/figcaption><\/figure>\n<p>Motraria n\u00eb manastir jeton sipas nj\u00eb rregullores krishtare t\u00eb vendosur nga abati, at\u00eb Parthenij, duke ndjekur shembullin e manastireve t\u00eb Sveta Gor\u00ebs. Kjo rregullore krishtare, gjegj\u00ebsisht ky rendi i jetes\u00ebs, p\u00ebrfshin nj\u00eb jet\u00eb t\u00eb plot\u00eb liturgjike me liturgji t\u00eb rregullta, sh\u00ebrbime t\u00eb m\u00ebngjesit dhe t\u00eb mbr\u00ebmjes dhe vigjilje t\u00eb nat\u00ebs, p\u00ebrball\u00eb t\u00eb dielave dhe festave.<\/p>\n<blockquote><p>K\u00ebtu kultivohet nj\u00eb zanat v\u00ebrtet i rrall\u00eb, q\u00eb \u00ebsht\u00eb profesioni kryesor i motrave, dhe ai \u00ebsht\u00eb prodhimi i mitrave peshkopale.<\/p><\/blockquote>\n<figure id=\"attachment_98395\" aria-describedby=\"caption-attachment-98395\" style=\"width: 1200px\" class=\"wp-caption aligncenter\"><img loading=\"lazy\" decoding=\"async\" src=\"http:\/\/bigorski.org.mk\/wp-content\/uploads\/2020\/10\/Vezenje-mitri-sestrinstvoto-od-Rajchica.jpg\" alt=\"\" class=\"wp-image-98395 size-full\" width=\"1200\" height=\"797\" srcset=\"https:\/\/bigorski.org.mk\/wp-content\/uploads\/2020\/10\/Vezenje-mitri-sestrinstvoto-od-Rajchica.jpg 1200w, https:\/\/bigorski.org.mk\/wp-content\/uploads\/2020\/10\/Vezenje-mitri-sestrinstvoto-od-Rajchica-768x510.jpg 768w\" sizes=\"auto, (max-width: 1200px) 100vw, 1200px\" \/><figcaption id=\"caption-attachment-98395\" class=\"wp-caption-text\">B\u00ebrja e mitrave peshkopale<\/figcaption><\/figure>\n<p>Krahas detyrimeve t\u00eb p\u00ebrditshme, k\u00ebtu kultivohet nj\u00eb zanat v\u00ebrtet i rrall\u00eb, q\u00eb \u00ebsht\u00eb profesioni kryesor i motrave, dhe ai \u00ebsht\u00eb punimi i mitrave peshkopale. Puna \u00ebsht\u00eb me t\u00eb v\u00ebrtet\u00eb fisnike, b\u00ebhet me lutje dhe si rezultat i detyr\u00ebs ndaj plakut, nga duart e murgeshave dalin kryevepra v\u00ebrtet t\u00eb mrekullueshme dhe unike, t\u00eb cilat jan\u00eb pjes\u00eb e veshjeve liturgjike t\u00eb shum\u00eb peshkop\u00ebve dhe patriark\u00ebve, duke p\u00ebrfshir\u00eb edhe Patriarku Ekumenik. P\u00ebrve\u00e7 k\u00ebsaj, motrat merren edhe me punimin e ikonave, me temjanin e Sveta Gor\u00ebs, nd\u00ebrsa s\u00eb fundmi jan\u00eb duke punuar n\u00eb m\u00ebnyr\u00eb aktive n\u00eb zgjidhjen e problemeve t\u00eb rasteve t\u00eb ve\u00e7anta sociale, ve\u00e7an\u00ebrisht tek t\u00eb rinjt\u00eb q\u00eb rrezikohen gjithnj\u00eb e m\u00eb shum\u00eb n\u00eb k\u00ebt\u00eb bot\u00eb t\u00eb mbushur me veseve dhe pasioneve.<\/p>\n<figure id=\"attachment_88681\" aria-describedby=\"caption-attachment-88681\" style=\"width: 817px\" class=\"wp-caption aligncenter\"><a href=\"http:\/\/bigorski.org.mk\/wp-content\/uploads\/2016\/12\/rajcica4.jpg\"><img loading=\"lazy\" decoding=\"async\" class=\"size-full wp-image-88681\" src=\"http:\/\/bigorski.org.mk\/wp-content\/uploads\/2016\/12\/rajcica4.jpg\" alt=\"Raj\u00e7ica\" width=\"817\" height=\"406\" srcset=\"https:\/\/bigorski.org.mk\/wp-content\/uploads\/2016\/12\/rajcica4.jpg 817w, https:\/\/bigorski.org.mk\/wp-content\/uploads\/2016\/12\/rajcica4-768x382.jpg 768w\" sizes=\"auto, (max-width: 817px) 100vw, 817px\" \/><\/a><figcaption id=\"caption-attachment-88681\" class=\"wp-caption-text\">Arka q\u00eb ruan grimc\u00ebn nga dora e Martirit t\u00eb Shenjt\u00eb t\u00eb Georgij<\/figcaption><\/figure>\n<p>Nj\u00eb d\u00ebshmi e ve\u00e7ant\u00eb e m\u00ebshir\u00ebs s\u00eb madhe t\u00eb Zotit dhe e nd\u00ebrmjet\u00ebsimit t\u00eb padronit t\u00eb fuqish\u00ebm t\u00eb lavdish\u00ebm t\u00eb manastirit \u00ebsht\u00eb prania e eshtrave t\u00eb Fitimtarit t\u00eb Shenjt\u00eb, ose m\u00eb sakt\u00eb nj\u00eb pjes\u00eb e dor\u00ebs s\u00eb tij, e cila mrekullisht mb\u00ebrriti n\u00eb k\u00ebt\u00eb vend t\u00eb shenjt\u00eb disa vite m\u00eb par\u00eb dhe \u00ebsht\u00eb nj\u00eb bekim i madh p\u00ebr popullin ton\u00eb ortodoks. P\u00ebrve\u00e7 tyre, k\u00ebtu ruhen reliket e Sh\u00ebn Gjon Kukuzelit, martirit t\u00eb Shenjt\u00eb Emilian, Sh\u00ebn Gjon Rusit, martir\u00ebve t\u00eb m\u00ebdhenj Varvara dhe Katerina, si dhe nj\u00eb grimc\u00eb e Kryqit t\u00eb Shenjt\u00eb.<\/p>\n<figure id=\"attachment_88683\" aria-describedby=\"caption-attachment-88683\" style=\"width: 817px\" class=\"wp-caption aligncenter\"><a href=\"http:\/\/bigorski.org.mk\/wp-content\/uploads\/2016\/12\/rajcica6.jpg\"><img loading=\"lazy\" decoding=\"async\" class=\"size-full wp-image-88683\" src=\"http:\/\/bigorski.org.mk\/wp-content\/uploads\/2016\/12\/rajcica6.jpg\" alt=\"Raj\u00e7ica\" width=\"817\" height=\"406\" srcset=\"https:\/\/bigorski.org.mk\/wp-content\/uploads\/2016\/12\/rajcica6.jpg 817w, https:\/\/bigorski.org.mk\/wp-content\/uploads\/2016\/12\/rajcica6-768x382.jpg 768w\" sizes=\"auto, (max-width: 817px) 100vw, 817px\" \/><\/a><figcaption id=\"caption-attachment-88683\" class=\"wp-caption-text\">Raj\u00e7ica nga ana per\u00ebndimore<\/figcaption><\/figure>\n<p>P\u00ebr shkak se manastiri \u00ebsht\u00eb i tipit t\u00eb hapur, ai vizitohet vazhdimisht nga mysafir\u00eb, besimtar\u00eb dhe turist\u00eb t\u00eb cil\u00ebt n\u00eb k\u00ebt\u00eb vend t\u00eb shenjt\u00eb gjejn\u00eb mb\u00ebshtetje t\u00eb fort\u00eb shpirt\u00ebrore dhe qet\u00ebsi.<\/p>\n<figure id=\"attachment_88677\" aria-describedby=\"caption-attachment-88677\" style=\"width: 817px\" class=\"wp-caption aligncenter\"><a href=\"http:\/\/bigorski.org.mk\/wp-content\/uploads\/2016\/12\/rajcica7.jpg\"><img loading=\"lazy\" decoding=\"async\" class=\"size-full wp-image-88677\" src=\"http:\/\/bigorski.org.mk\/wp-content\/uploads\/2016\/12\/rajcica7.jpg\" alt=\"Raj\u00e7ica\" width=\"817\" height=\"510\" srcset=\"https:\/\/bigorski.org.mk\/wp-content\/uploads\/2016\/12\/rajcica7.jpg 817w, https:\/\/bigorski.org.mk\/wp-content\/uploads\/2016\/12\/rajcica7-768x479.jpg 768w\" sizes=\"auto, (max-width: 817px) 100vw, 817px\" \/><\/a><figcaption id=\"caption-attachment-88677\" class=\"wp-caption-text\">Parajsa<\/figcaption><\/figure>\n","protected":false},"excerpt":{"rendered":"<p>Sa t\u00eb \u00ebmbla jan\u00eb vendbanimet e tua, o Zot i fuqive! Shpirti im d\u00ebshiron t\u00eb jet\u00eb n\u00eb oborret e Zotit\u2026 Lum ata q\u00eb banojn\u00eb n\u00eb sht\u00ebpin\u00eb t\u00ebnde; ata vazhdimisht t\u00eb lavd\u00ebrojn\u00eb. Kjo \u00ebsht\u00eb ndjenja kur, t\u00eb udh\u00ebhequr nga dashuria p\u00ebr Zotin, hapim der\u00ebn e k\u00ebtij tempulli shpirt\u00ebror, n\u00eb t\u00eb cilin u ringjall jeta monastike n\u00ebn<\/p>\n","protected":false},"author":1,"featured_media":0,"parent":100333,"menu_order":0,"comment_status":"closed","ping_status":"closed","template":"page-bigorski.php","meta":{"_acf_changed":false,"wprm-recipe-roundup-name":"","wprm-recipe-roundup-description":"","ngg_post_thumbnail":0,"footnotes":""},"class_list":["post-100464","page","type-page","status-publish","hentry"],"acf":[],"_links":{"self":[{"href":"https:\/\/bigorski.org.mk\/sq\/wp-json\/wp\/v2\/pages\/100464","targetHints":{"allow":["GET"]}}],"collection":[{"href":"https:\/\/bigorski.org.mk\/sq\/wp-json\/wp\/v2\/pages"}],"about":[{"href":"https:\/\/bigorski.org.mk\/sq\/wp-json\/wp\/v2\/types\/page"}],"author":[{"embeddable":true,"href":"https:\/\/bigorski.org.mk\/sq\/wp-json\/wp\/v2\/users\/1"}],"replies":[{"embeddable":true,"href":"https:\/\/bigorski.org.mk\/sq\/wp-json\/wp\/v2\/comments?post=100464"}],"version-history":[{"count":0,"href":"https:\/\/bigorski.org.mk\/sq\/wp-json\/wp\/v2\/pages\/100464\/revisions"}],"up":[{"embeddable":true,"href":"https:\/\/bigorski.org.mk\/sq\/wp-json\/wp\/v2\/pages\/100333"}],"wp:attachment":[{"href":"https:\/\/bigorski.org.mk\/sq\/wp-json\/wp\/v2\/media?parent=100464"}],"curies":[{"name":"wp","href":"https:\/\/api.w.org\/{rel}","templated":true}]}}