{"id":100467,"date":"2016-12-18T18:30:41","date_gmt":"2016-12-18T17:30:41","guid":{"rendered":"https:\/\/bigorski.org.mk\/?page_id=100467"},"modified":"2022-08-27T21:58:57","modified_gmt":"2022-08-27T20:58:57","slug":"skit-shen-serafim-sarovski","status":"publish","type":"page","link":"https:\/\/bigorski.org.mk\/sq\/pronat-e-manastirit-dhe-skitet\/skit-shen-serafim-sarovski\/","title":{"rendered":"Skit Sh\u00ebn Serafim Sarovski"},"content":{"rendered":"<p><a href=\"http:\/\/bigorski.org.mk\/wp-content\/uploads\/2016\/12\/tek-1.jpg\"><img loading=\"lazy\" decoding=\"async\" class=\"alignnone size-full wp-image-89662\" src=\"http:\/\/bigorski.org.mk\/wp-content\/uploads\/2016\/12\/tek-1.jpg\" alt=\"\" width=\"1920\" height=\"999\" srcset=\"https:\/\/bigorski.org.mk\/wp-content\/uploads\/2016\/12\/tek-1.jpg 1920w, https:\/\/bigorski.org.mk\/wp-content\/uploads\/2016\/12\/tek-1-768x400.jpg 768w\" sizes=\"auto, (max-width: 1920px) 100vw, 1920px\" \/><\/a><\/p>\n<p><a href=\"http:\/\/bigorski.org.mk\/wp-content\/uploads\/2016\/12\/6-1.jpg\"><img loading=\"lazy\" decoding=\"async\" class=\"size-full wp-image-88661 alignright\" src=\"http:\/\/bigorski.org.mk\/wp-content\/uploads\/2016\/12\/6-1.jpg\" alt=\"\u0422\u0435\u043a\u0441\u0442 \u0437\u0430 \u0441\u043b\u0438\u043a\u0430\" width=\"304\" height=\"456\"><\/a><\/p>\n<p>Nuk ka besimtar ortodoks q\u00eb t\u00eb mos e dij\u00eb emrin e asketit t\u00eb dashur t\u00eb Sarov\u00ebs. Ai, me dashurin\u00eb e tij duke haruar p\u00ebr vet\u00ebn , iu p\u00ebrkushtua t\u00ebr\u00ebsisht sh\u00ebrbimit t\u00eb v\u00ebllez\u00ebrve t\u00eb tij n\u00eb rrug\u00eb t\u00eb gabuar, duke u p\u00ebrpjekur pa u lodhur p\u00ebr t\u00eb ringjallur, ngrohur, sh\u00ebruar dhe shp\u00ebtuar shpirtrat e ftoht\u00eb dhe t\u00eb err\u00ebsuar. Zemra e tij, e hapur p\u00ebr t\u00eb gjith\u00eb ata q\u00eb i vinin n\u00eb hallet e tyre, ishte si nj\u00eb p\u00ebrqafim i hapur, fjal\u00eb t\u00eb \u00ebmbla dhe t\u00eb buta &#8211; si nj\u00eb balsam q\u00eb qet\u00ebson dhe afron m\u00eb shum\u00eb me Zotin, dhe lutja &#8211; nj\u00eb nd\u00ebrmjet\u00ebsim i palodhur p\u00ebr k\u00ebt\u00eb bot\u00eb m\u00ebkatare. Padyshim, si nj\u00eb vullkan i till\u00eb i dashuris\u00eb, ai ishte nj\u00eb shembull i v\u00ebrtet\u00eb i familjes Bigorski, e cila drejtohej nga abati i tij, at\u00eb Parthenij nd\u00ebrmori luft\u00ebn e dashuris\u00eb dhe mikpritjes, duke iu p\u00ebrkushtuar t\u00ebr\u00ebsisht sh\u00ebrbimit ndaj t\u00eb af\u00ebrmit t\u00eb tij. Prandaj, t\u00eb udh\u00ebhequr nga fjala e Zotit, v\u00ebllez\u00ebrit e k\u00ebrkuar k\u00ebt\u00eb plak t\u00eb dashur p\u00ebr nd\u00ebrmjet\u00ebsimin e tyre t\u00eb lutjes para Zotit dhe gjith\u00eb dashurin\u00eb e tyre t\u00eb madhe p\u00ebr Sh\u00ebn Serafim e Sarovskit e kthyen at\u00eb n\u00eb nj\u00eb ide t\u00eb mrekullueshme p\u00ebr skit, n\u00eb t\u00eb cil\u00ebn ve\u00e7 m\u00eb ishte ngritur tempulli kushtuar t\u00eb madhit Sarovski Mrekullib\u00ebr\u00ebsit. Gjegj\u00ebsisht, familja Bigorska zgjodhi pik\u00ebrisht dit\u00ebn e Sh\u00ebn Partenij Llampsakiskit &#8211; i cili e donte jet\u00ebn e mir\u00eb dhe i kushtoi shum\u00eb r\u00ebnd\u00ebsi nd\u00ebrtimit t\u00eb tempujve, p\u00ebr t\u00eb qen\u00eb fillimi i pun\u00ebs p\u00ebr nd\u00ebrtimin e tempullit t\u00eb ri. K\u00ebshtu, m\u00eb 7\/20 shkurt 2008, pas p\u00ebrfundimit t\u00eb Liturgjis\u00eb Hyjnore, besimtar\u00ebt e shumt\u00eb, v\u00ebllaz\u00ebria dhe motraria, n\u00eb krye me mitropolitin e Dibr\u00ebs dhe K\u00ebr\u00e7ov\u00ebs dhe Plaoshit, z. Timotej dhe mitropolitit Povardarski z. Agatangel, me nj\u00eb litani solemne, u drejtua p\u00ebr n\u00eb vendin ku u shenjt\u00ebruan themelet e tempullit t\u00eb ri t\u00eb stilit rus dhe \u00ebsht\u00eb planifikuar nd\u00ebrtimi i nj\u00eb konaku t\u00eb vog\u00ebl me qeli monastike.<\/p>\n<figure id=\"attachment_89659\" aria-describedby=\"caption-attachment-89659\" style=\"width: 1920px\" class=\"wp-caption alignnone\"><a href=\"http:\/\/bigorski.org.mk\/wp-content\/uploads\/2016\/12\/8-3.jpg\"><img loading=\"lazy\" decoding=\"async\" class=\"wp-image-89659 size-full\" src=\"http:\/\/bigorski.org.mk\/wp-content\/uploads\/2016\/12\/8-3.jpg\" alt=\"\" width=\"1920\" height=\"1275\" srcset=\"https:\/\/bigorski.org.mk\/wp-content\/uploads\/2016\/12\/8-3.jpg 1920w, https:\/\/bigorski.org.mk\/wp-content\/uploads\/2016\/12\/8-3-768x510.jpg 768w\" sizes=\"auto, (max-width: 1920px) 100vw, 1920px\" \/><\/a><figcaption id=\"caption-attachment-89659\" class=\"wp-caption-text\">Shenjt\u00ebrimi i kryqit p\u00ebr tempullin e Sh\u00ebn Serafimit<\/figcaption><\/figure>\n<p><a href=\"https:\/\/bigorski.org.mk\/wp-content\/uploads\/2016\/12\/16.jpg\"><img loading=\"lazy\" decoding=\"async\" class=\" wp-image-89660 alignleft\" src=\"https:\/\/bigorski.org.mk\/wp-content\/uploads\/2016\/12\/16.jpg\" alt=\"\" width=\"401\" height=\"604\" srcset=\"https:\/\/bigorski.org.mk\/wp-content\/uploads\/2016\/12\/16.jpg 1275w, https:\/\/bigorski.org.mk\/wp-content\/uploads\/2016\/12\/16-768x1157.jpg 768w\" sizes=\"auto, (max-width: 401px) 100vw, 401px\" \/><\/a>Plaku Sarovski gjithashtu e bekoi k\u00ebt\u00eb vep\u00ebr t\u00eb p\u00eblqyer nga Zoti me nj\u00eb dhurat\u00eb v\u00ebrtet t\u00eb rrall\u00eb dhe me vler\u00eb t\u00eb pashprehur &#8211; reliket e tij t\u00eb shenjta. Ato iu dor\u00ebzuan v\u00ebllaz\u00ebris\u00eb Bigorski nga arkimandriti Gjon nga manastiri rus i Ringjalljes s\u00eb Krishtit t\u00eb Kish\u00ebs Ruse Jasht\u00ebkufitare dhe merit\u00eb e madhe p\u00ebr k\u00ebt\u00eb ka motra Dragica Velljanovska, nj\u00eb besimtare e madhe dhe mike e vjet\u00ebr e manastirit, f\u00ebmij\u00eb shpirt\u00ebror i Arkimandrit Parthenij. Pas largimit t\u00eb saj n\u00eb Shtetet e Bashkuara t\u00eb Amerik\u00ebs dhe sh\u00ebrbimit shum\u00ebvje\u00e7ar n\u00eb skitin kushtuar Ringjalljes s\u00eb Shenjt\u00eb t\u00eb Krishtit, ajo tek a. Jovani p\u00ebrcolli p\u00ebrshtypjet e saj p\u00ebr familjen Bigorski, duke i treguar p\u00ebr gjith\u00e7ka q\u00eb b\u00ebn v\u00ebllaz\u00ebria, p\u00ebr mundin, sakrific\u00ebn dhe dashurin\u00eb e tyre, e ve\u00e7an\u00ebrisht p\u00ebr skitin dhe tempullin e ardhsh\u00ebm p\u00ebr nder t\u00eb Sh\u00ebn Serafimit Sarovskit. Prandaj, i ndritur nga Zoti, a. Gjoni me k\u00ebnaq\u00ebsi dhuroi disa nga reliket e k\u00ebtij shenjtori t\u00eb madh rus, t\u00eb cilat ajo i solli vet\u00eb n\u00eb manastirin Bigorski.<\/p>\n<p>Arkimandrit Parthenij i priti reliket para port\u00ebs kryesore t\u00eb manastirit dhe s\u00eb bashku me v\u00ebllaz\u00ebrin\u00eb, motratin\u00eb dhe besimtar\u00ebt e pranish\u00ebm, n\u00eb nj\u00eb liti solemne u drejtuan p\u00ebr n\u00eb skitin, ku ishte planifikuar t\u00eb nd\u00ebrtohej nj\u00eb tempull kushtuar Sh\u00ebn Serafimit Sarovskit. Me p\u00ebrkushtim t\u00eb madh, mir\u00ebnjohje dhe lutje drejtuar Shenjtorit p\u00ebr nd\u00ebrmjet\u00ebsimin e tij para Zotit, u lexua nj\u00eb akathist dhe t\u00eb gjith\u00eb t\u00eb pranishmit u nderuan t\u00eb p\u00ebrulen para relikteve t\u00eb tij t\u00eb shenjta. M\u00eb pas, p\u00ebrs\u00ebri me liti, reliket u kthyen n\u00eb manastir dhe u vendos\u00ebn n\u00eb Fronin e Shenjt\u00eb n\u00eb kish\u00eb.<\/p>\n<blockquote><p>Kur un\u00eb nuk do t\u00eb jam n\u00eb mesin tuaj, ejani tek un\u00eb n\u00eb varr, ejani kur t\u00eb keni koh\u00eb dhe sa m\u00eb shpesh &#8211; aq m\u00eb mir\u00eb.<\/p><\/blockquote>\n<p>Shenjtor\u00ebt jan\u00eb gjithmon\u00eb me ata q\u00eb k\u00ebrkojn\u00eb nd\u00ebrmjet\u00ebsimin e tyre, ve\u00e7an\u00ebrisht n\u00ebp\u00ebrmjet relikteve t\u00eb tyre t\u00eb shenjta. Sh\u00ebn Serafimi, sa ishte ende gjall\u00eb, e v\u00ebrtetoi k\u00ebt\u00eb me fjal\u00ebt e tij:<\/p>\n<p>&#8220;Kur un\u00eb nuk do t\u00eb jam n\u00eb mesin tuaj, ejani tek un\u00eb n\u00eb varr, ejani kur t\u00eb keni koh\u00eb dhe sa m\u00eb shpesh &#8211; aq m\u00eb mir\u00eb. Gjith\u00e7ka q\u00eb keni n\u00eb shpirt, \u00e7do gj\u00eb q\u00eb \u00ebsht\u00eb e v\u00ebshtir\u00eb p\u00ebr ju, \u00e7far\u00ebdo q\u00eb t\u2019ju ndodh\u00eb, ejani n\u00eb varrin tim dhe duke u p\u00ebrkulur n\u00eb tok\u00eb, m\u00eb thuani sikur t\u00eb isha i gjall\u00eb, dhe un\u00eb do t\u00eb t\u2019ju d\u00ebgjoj dhe hidh\u00ebrimi juaj do t\u00eb kaloj\u00eb! Flisni me mua sikur t\u00eb isha i gjall\u00eb dhe do t\u00eb jem gjithmon\u00eb i gjall\u00eb p\u00ebr ju! Ai ia la nj\u00eb zotim t\u00eb till\u00eb ortodoksit, asketit t\u00eb bukur Sarov, duke u p\u00ebrgatitur p\u00ebr shp\u00ebrnguljen e tij nga toka n\u00eb banes\u00ebn qiellore&#8221;.<a href=\"http:\/\/bigorski.org.mk\/wp-content\/uploads\/2016\/12\/a-16-1.jpg\"><img loading=\"lazy\" decoding=\"async\" class=\"alignnone size-full wp-image-89661\" src=\"http:\/\/bigorski.org.mk\/wp-content\/uploads\/2016\/12\/a-16-1.jpg\" alt=\"\" width=\"2000\" height=\"1013\" srcset=\"https:\/\/bigorski.org.mk\/wp-content\/uploads\/2016\/12\/a-16-1.jpg 2000w, https:\/\/bigorski.org.mk\/wp-content\/uploads\/2016\/12\/a-16-1-768x389.jpg 768w\" sizes=\"auto, (max-width: 2000px) 100vw, 2000px\" \/><\/a><\/p>\n","protected":false},"excerpt":{"rendered":"<p>Nuk ka besimtar ortodoks q\u00eb t\u00eb mos e dij\u00eb emrin e asketit t\u00eb dashur t\u00eb Sarov\u00ebs. Ai, me dashurin\u00eb e tij duke haruar p\u00ebr vet\u00ebn , iu p\u00ebrkushtua t\u00ebr\u00ebsisht sh\u00ebrbimit t\u00eb v\u00ebllez\u00ebrve t\u00eb tij n\u00eb rrug\u00eb t\u00eb gabuar, duke u p\u00ebrpjekur pa u lodhur p\u00ebr t\u00eb ringjallur, ngrohur, sh\u00ebruar dhe shp\u00ebtuar shpirtrat e ftoht\u00eb dhe<\/p>\n","protected":false},"author":1,"featured_media":0,"parent":100333,"menu_order":2,"comment_status":"closed","ping_status":"closed","template":"page-bigorski.php","meta":{"_acf_changed":false,"wprm-recipe-roundup-name":"","wprm-recipe-roundup-description":"","ngg_post_thumbnail":0,"footnotes":""},"class_list":["post-100467","page","type-page","status-publish","hentry"],"acf":[],"_links":{"self":[{"href":"https:\/\/bigorski.org.mk\/sq\/wp-json\/wp\/v2\/pages\/100467","targetHints":{"allow":["GET"]}}],"collection":[{"href":"https:\/\/bigorski.org.mk\/sq\/wp-json\/wp\/v2\/pages"}],"about":[{"href":"https:\/\/bigorski.org.mk\/sq\/wp-json\/wp\/v2\/types\/page"}],"author":[{"embeddable":true,"href":"https:\/\/bigorski.org.mk\/sq\/wp-json\/wp\/v2\/users\/1"}],"replies":[{"embeddable":true,"href":"https:\/\/bigorski.org.mk\/sq\/wp-json\/wp\/v2\/comments?post=100467"}],"version-history":[{"count":0,"href":"https:\/\/bigorski.org.mk\/sq\/wp-json\/wp\/v2\/pages\/100467\/revisions"}],"up":[{"embeddable":true,"href":"https:\/\/bigorski.org.mk\/sq\/wp-json\/wp\/v2\/pages\/100333"}],"wp:attachment":[{"href":"https:\/\/bigorski.org.mk\/sq\/wp-json\/wp\/v2\/media?parent=100467"}],"curies":[{"name":"wp","href":"https:\/\/api.w.org\/{rel}","templated":true}]}}