{"id":100468,"date":"2016-12-18T18:31:14","date_gmt":"2016-12-18T17:31:14","guid":{"rendered":"https:\/\/bigorski.org.mk\/?page_id=100468"},"modified":"2022-08-27T21:59:11","modified_gmt":"2022-08-27T20:59:11","slug":"skit-shen-kirili-dhe-metodi","status":"publish","type":"page","link":"https:\/\/bigorski.org.mk\/sq\/pronat-e-manastirit-dhe-skitet\/skit-shen-kirili-dhe-metodi\/","title":{"rendered":"Skit Sh\u00ebn Kirili dhe Metodi"},"content":{"rendered":"\n<div class=\"wp-block-media-text alignwide is-stacked-on-mobile is-image-fill\"><figure class=\"wp-block-media-text__media\" style=\"background-image:url(https:\/\/bigorski.org.mk\/wp-content\/uploads\/2019\/03\/sveti-Kiril-i-Metodij-Skit-2019-1.jpg);background-position:50% 50%\"><img loading=\"lazy\" decoding=\"async\" width=\"650\" height=\"400\" src=\"https:\/\/bigorski.org.mk\/wp-content\/uploads\/2019\/03\/sveti-Kiril-i-Metodij-Skit-2019-1.jpg\" alt=\"\" class=\"wp-image-54066 size-full\"\/><\/figure><div class=\"wp-block-media-text__content\">\n<p class=\"has-white-color has-text-color has-background has-large-font-size\" style=\"background-color:#602227\">Nj\u00eb manastir i bukur, i cili si dielli q\u00eb lind, po derdh\u00eb rrezet e tij t\u00eb bekuara kudo dhe mbulon me bekimin e tij t\u00eb gjitha fshatrat dhe sht\u00ebpit\u00eb e Mijakut, duke d\u00ebbuar err\u00ebsir\u00ebn e injoranc\u00ebs.<\/p>\n<\/div><\/div>\n\n\n\n<p class=\"has-drop-cap\">Me vendim t\u00eb Qeveris\u00eb s\u00eb Republik\u00ebs s\u00eb Maqedonis\u00eb t\u00eb dat\u00ebs 30 gusht 2010, kulla kufitare mbi fshatin Bitush\u00eb i \u00ebsht\u00eb dor\u00ebzuar Familjes s\u00eb Shenjt\u00eb Bigorski. Mendja krijuese e palodhur e abatit, Arkimandrit Partenij, menj\u00ebher\u00eb n\u00eb t\u00eb pa sht\u00ebpin\u00eb e re t\u00eb edukator\u00ebve sllav\u00eb, ku mund t\u00eb gjenin streh\u00eb shpirt\u00ebrore shpirtrat m\u00eb t\u00eb rinj t\u00eb Krishtit, t\u00eb etur p\u00ebr fjal\u00ebn e Zotit, n\u00eb m\u00ebnyr\u00eb q\u00eb skiti t\u00eb ri do t\u00eb ishte kryesisht: edukativo-katekistik( m\u00ebsim besim), dmth. do t\u00eb pres\u00eb <strong><a href=\"https:\/\/bigorski.org.mk\/sq\/kampe-verore\">kampe verore<\/a><\/strong> t\u00eb m\u00ebsimit fetar. Dhurues p\u00ebr nd\u00ebrtimin e skitit \u00ebsht\u00eb familja e devotshme e z. Goran Xhikoski nga Shkupi, f\u00ebmij\u00eb shpirt\u00ebror besnik i Familjes son\u00eb t\u00eb Shenjt\u00eb.<\/p>\n\n\n<p>Akti solemn i shenjt\u00ebrimit t\u00eb themeleve t\u00eb tempullit t\u00eb Bigorski skitit -Sh\u00ebn Kirili dhe Metodi, i cili u prit me padurim, zuri vendin e tij m\u00eb 18\/31 maj 2014, ku mori pjes\u00eb kryepastori yn\u00eb i nderuar, mitropoliti i Dibr\u00ebs dhe K\u00ebr\u00e7ov\u00ebs, z. Timotej, n\u00eb merit\u00eb t\u00eb p\u00ebrbashk\u00ebt me abatin Arkimandrit Partenij dhe v\u00ebllez\u00ebrit prift\u00ebrinj hieromonak\u00eb, n\u00eb prani t\u00eb shum\u00eb besimtar\u00ebve dhe t\u00eb ftuarve nga fshatrat p\u00ebrreth dhe jasht\u00eb saj. Te ata ishte i duksh\u00ebm shpirti i g\u00ebzuar, ve\u00e7an\u00ebrisht p\u00ebr banor\u00ebt e Bitush\u00ebs, sepse nuk \u00ebsht\u00eb pak q\u00eb fshati i tyre t\u00eb stoliset me nj\u00eb manastir kaq t\u00eb bukur, i cili si nj\u00eb diell q\u00eb lind do t\u00eb hedh\u00eb rrezet e tij t\u00eb bekimit kudo dhe do t\u00eb bekoj\u00eb t\u00eb gjitha fshatrat dhe sht\u00ebpit\u00eb e Mijakut, duke d\u00ebbuar err\u00ebsir\u00ebn e injoranc\u00ebs.<\/p>\n<figure id=\"attachment_98389\" aria-describedby=\"caption-attachment-98389\" style=\"width: 1200px\" class=\"wp-caption aligncenter\"><img loading=\"lazy\" decoding=\"async\" src=\"https:\/\/bigorski.org.mk\/wp-content\/uploads\/2020\/10\/Osvetuvanje-na-krstovite-na-skitot-Sv.-Kiril-i-Metodij.jpg\" alt=\"\" class=\"wp-image-98389 size-full\" width=\"1200\" height=\"799\" srcset=\"https:\/\/bigorski.org.mk\/wp-content\/uploads\/2020\/10\/Osvetuvanje-na-krstovite-na-skitot-Sv.-Kiril-i-Metodij.jpg 1200w, https:\/\/bigorski.org.mk\/wp-content\/uploads\/2020\/10\/Osvetuvanje-na-krstovite-na-skitot-Sv.-Kiril-i-Metodij-768x511.jpg 768w\" sizes=\"auto, (max-width: 1200px) 100vw, 1200px\" \/><figcaption id=\"caption-attachment-98389\" class=\"wp-caption-text\">Vendosja e kryqeve n\u00eb tempullin e shenjtor\u00ebve Kiril dhe Metodi 21 qershor 2019<\/figcaption><\/figure>\n<p>M\u00eb 16\/29 maj 2016, n\u00eb Shkup u mbajt nj\u00eb manifestim bamir\u00ebsie p\u00ebr p\u00ebrfundimin e skitit -Bigorski, ku t\u00eb gjith\u00eb t\u00eb pranishmit e pranuan me dashamir\u00ebsi k\u00ebt\u00eb iniciativ\u00eb dhe konfirmuan d\u00ebshirat dhe p\u00ebrpjekjet e tyre dhe n\u00eb t\u00eb ardhmen t\u00eb kontribojn\u00eb me t\u00eb gjitha forcat dhe mund\u00ebsit\u00eb e tyre n\u00eb drejtimin e realizimit t\u00eb tij, derisa skiti yn\u00eb piktoresk t\u00eb marr\u00eb fytyr\u00ebn e v\u00ebrtet\u00eb dhe vizitor\u00ebt e par\u00eb.<\/p>\n<p><img loading=\"lazy\" decoding=\"async\" src=\"https:\/\/bigorski.org.mk\/wp-content\/uploads\/2020\/10\/Skit-Sv.-Kiril-i-Metodij.jpg\" alt=\"\" class=\"size-full wp-image-98390 aligncenter\" width=\"1200\" height=\"799\" srcset=\"https:\/\/bigorski.org.mk\/wp-content\/uploads\/2020\/10\/Skit-Sv.-Kiril-i-Metodij.jpg 1200w, https:\/\/bigorski.org.mk\/wp-content\/uploads\/2020\/10\/Skit-Sv.-Kiril-i-Metodij-768x511.jpg 768w\" sizes=\"auto, (max-width: 1200px) 100vw, 1200px\" \/><\/p>","protected":false},"excerpt":{"rendered":"<p>Nj\u00eb manastir i bukur, i cili si dielli q\u00eb lind, po derdh\u00eb rrezet e tij t\u00eb bekuara kudo dhe mbulon me bekimin e tij t\u00eb gjitha fshatrat dhe sht\u00ebpit\u00eb e Mijakut, duke d\u00ebbuar err\u00ebsir\u00ebn e injoranc\u00ebs. Me vendim t\u00eb Qeveris\u00eb s\u00eb Republik\u00ebs s\u00eb Maqedonis\u00eb t\u00eb dat\u00ebs 30 gusht 2010, kulla kufitare mbi fshatin Bitush\u00eb i<\/p>\n","protected":false},"author":1,"featured_media":0,"parent":100333,"menu_order":3,"comment_status":"closed","ping_status":"closed","template":"page-bigorski.php","meta":{"_acf_changed":false,"wprm-recipe-roundup-name":"","wprm-recipe-roundup-description":"","ngg_post_thumbnail":0,"footnotes":""},"class_list":["post-100468","page","type-page","status-publish","hentry"],"acf":[],"_links":{"self":[{"href":"https:\/\/bigorski.org.mk\/sq\/wp-json\/wp\/v2\/pages\/100468","targetHints":{"allow":["GET"]}}],"collection":[{"href":"https:\/\/bigorski.org.mk\/sq\/wp-json\/wp\/v2\/pages"}],"about":[{"href":"https:\/\/bigorski.org.mk\/sq\/wp-json\/wp\/v2\/types\/page"}],"author":[{"embeddable":true,"href":"https:\/\/bigorski.org.mk\/sq\/wp-json\/wp\/v2\/users\/1"}],"replies":[{"embeddable":true,"href":"https:\/\/bigorski.org.mk\/sq\/wp-json\/wp\/v2\/comments?post=100468"}],"version-history":[{"count":0,"href":"https:\/\/bigorski.org.mk\/sq\/wp-json\/wp\/v2\/pages\/100468\/revisions"}],"up":[{"embeddable":true,"href":"https:\/\/bigorski.org.mk\/sq\/wp-json\/wp\/v2\/pages\/100333"}],"wp:attachment":[{"href":"https:\/\/bigorski.org.mk\/sq\/wp-json\/wp\/v2\/media?parent=100468"}],"curies":[{"name":"wp","href":"https:\/\/api.w.org\/{rel}","templated":true}]}}