{"id":100470,"date":"2016-12-18T18:31:36","date_gmt":"2016-12-18T17:31:36","guid":{"rendered":"https:\/\/bigorski.org.mk\/?page_id=100470"},"modified":"2022-08-27T21:59:26","modified_gmt":"2022-08-27T20:59:26","slug":"toka-prona-shen-arhangell-gavriill","status":"publish","type":"page","link":"https:\/\/bigorski.org.mk\/sq\/pronat-e-manastirit-dhe-skitet\/toka-prona-shen-arhangell-gavriill\/","title":{"rendered":"Toka (prona) Sh\u00ebn Arhangell Gavriill"},"content":{"rendered":"<p>5 km n\u00eb veri t\u00eb fshatrave Modri\u00e7 dhe Drenok, pran\u00eb kufirit me Republik\u00ebn e Shqip\u00ebris\u00eb, i cili zbret vet\u00ebm 500 m pran\u00eb lumit C\u00ebrvenic\u00eb (lumi Trebishka) dhe rreth 7.5 km n\u00eb juglindje t\u00eb fshatit Xhepishte, mbi lokalitetin ,,Tri \u00c7eshmi\u201d, pran\u00eb rrug\u00ebs rajonale Strug\u00eb-Dib\u00ebr, jan\u00eb mbetjet e manastirit t\u00eb Sh\u00ebn Arhangell Gavriillit. N\u00eb hart\u00ebn arkeologjike t\u00eb Republik\u00ebs s\u00eb Maqedonis\u00eb, vendi, p\u00ebrkat\u00ebsisht lokaliteti \u00ebsht\u00eb regjistruar si kish\u00eb mesjetare.<\/p>\n<p><a href=\"https:\/\/bigorski.org.mk\/wp-content\/uploads\/2016\/12\/manastirec.jpg\"><img loading=\"lazy\" decoding=\"async\" class=\" wp-image-88632 alignleft\" src=\"https:\/\/bigorski.org.mk\/wp-content\/uploads\/2016\/12\/manastirec.jpg\" alt=\"Manastirec\" width=\"440\" height=\"271\"><\/a>Sot, nga kisha e dikurshme mbet\u00ebn mureve masiv\u00eb pjes\u00ebrisht t\u00eb rr\u00ebnuara brenda tempullit s\u00eb bashku me struktur\u00ebn e rr\u00ebzuar t\u00eb \u00e7atis\u00eb. Megjithat\u00eb, v\u00ebrehen plot\u00ebsisht p\u00ebrmasat monumentale t\u00eb kish\u00ebs, ndoshta nj\u00eb nga m\u00eb t\u00eb m\u00ebdhat\u00eb n\u00eb zon\u00ebn e Strug\u00ebs nga koha e mesjet\u00ebs dhe koha e rind\u00ebrtimit, nga gjysma e par\u00eb e shekullit XX. Ndarja hap\u00ebsinore dhe arkitektonike e hap\u00ebsir\u00ebs s\u00eb brendshme vihet re m\u00eb s\u00eb miri p\u00ebrmes konceptimit unik t\u00eb hap\u00ebsir\u00ebs s\u00eb naosit dhe altarit, si dhe ndarjes s\u00eb tij funksionale n\u00eb nj\u00eb hap\u00ebsir\u00eb absidalet\u00eb ndar\u00eb nga sip\u00ebrfaqet e mureve prej guri dhe kalimet e harkuara drejt proskomedis\u00eb dhe dhjakut.<\/p>\n<blockquote><p>Shihen plot\u00ebsisht p\u00ebrmasat monumentale t\u00eb kish\u00ebs, ndoshta nj\u00eb nga m\u00eb t\u00eb m\u00ebdhat\u00eb n\u00eb zon\u00ebn e Strug\u00ebs<\/p><\/blockquote>\n<p>Manastiri i Sh\u00ebn Arhangell Gavrillit u rind\u00ebrtua midis viteve 1930 dhe 1932, pasi u ,,shkat\u00ebrrua plot\u00ebsisht nga pushtuesit aziatik\u00eb&#8221; disa vite m\u00eb par\u00eb. Manastiri deri n\u00eb \u00e7ati ishte i nd\u00ebrtuar me gur\u00eb, \u00e7atia ishte me tjegulla, kisha ishte 23 metra e gjat\u00eb dhe 15 metra e gjer\u00eb. Tavani ishte me lla\u00e7 g\u00eblqereje dhe n\u00eb kish\u00eb kishte nj\u00eb ikonostas prej druri.<\/p>\n<p>Manastiri kishte prona t\u00eb m\u00ebdha, kufijt\u00eb e tij shtriheshin n\u00eb veri deri n\u00eb lumin Drini i Zi, n\u00eb per\u00ebndim deri n\u00eb kufirin shtet\u00ebror me Shqip\u00ebrin\u00eb, n\u00eb veri deri n\u00eb lumin C\u00ebrvenic\u00eb dhe n\u00eb jug deri n\u00eb pyllin komunal. Krahas k\u00ebsaj prone, manastiri n\u00eb af\u00ebrsi t\u00eb tij zot\u00ebronte, 1 hektar e 50 hektar\u00eb drith\u00ebra dhe nj\u00eb parcel\u00eb pemishte 30 hektar\u00eb.<\/p>\n<p>Jeta monastike vazhdoi vazhdimisht p\u00ebr shum\u00eb vite, deri n\u00eb djegien e tij n\u00eb vitin 1944.<\/p>\n<blockquote><p>Manastiri kremtoi n\u00eb fest\u00ebn e Sh\u00ebn Arhangell Gavrillit, 13\/26 korrik.<\/p><\/blockquote>\n<p>N\u00eb dit\u00ebn e lavdis\u00eb s\u00eb manastirit, frekuentimi m\u00eb i madh ishte nga vendet p\u00ebrreth, Jabllanica, Nerezi, Bezheva, Piskupshtin\u00eb, Llukov\u00eb, Modriqi, Drenoku, Xhepishtja dhe qyteti i Dibr\u00ebs. Sipas vendasve, at\u00eb dit\u00eb mblidheshin me mij\u00ebra njer\u00ebz.<\/p>\n<p>Pas shp\u00ebrb\u00ebrjes s\u00eb Jugosllavis\u00eb Mbret\u00ebrore, manastiri ra n\u00ebn udh\u00ebheqjen e Komun\u00ebs s\u00eb Manastirecit, por tashm\u00eb n\u00ebn pushtimin italian. Gjat\u00eb k\u00ebsaj periudhe, murgjit u larguan nga manastiri dhe t\u00eb gjith\u00eb kujdesin p\u00ebr t\u00eb e b\u00ebnin prift\u00ebrinjt\u00eb e fshatit Modriq dhe Drenok. Prifti i fundit q\u00eb ka sh\u00ebrbyer n\u00eb manastir n\u00eb vjesht\u00ebn e vitit 1944 \u00ebsht\u00eb Millan Jovanoski nga fshati Modriq, dhe n\u00eb fund t\u00eb vitit 1944, manastiri u dogj dhe u pla\u00e7kit.<\/p>\n<p>Gjat\u00eb zjarrit, fshatar\u00ebt nga Modriqi dhe Drenok u p\u00ebrpoq\u00ebn ta shuanin, por e vetmja gj\u00eb q\u00eb arrit\u00ebn t\u00eb shp\u00ebtonin ishin disa ikona, t\u00eb cilat m\u00eb pas u soll\u00ebn n\u00eb fshat Modriq. Fshatar\u00ebt e Modriqit nd\u00ebrtuan nj\u00eb kish\u00ebz prej druri n\u00eb vendin e quajtur Napreslok, t\u00eb cilin ia kushtuan Sh\u00ebn Arhangell Gavrillit dhe ku i vendos\u00ebn ikonat. N\u00eb pranver\u00ebn e vitit 1971, kapel\u00ebs iu vu zjarri, gjat\u00eb s\u00eb cil\u00ebs u dogj\u00ebn ikonat e ruajtura nga Manastireci.<\/p>\n<p>M\u00eb 26 korrik 2000, peshkopi i Dibr\u00ebs dhe K\u00ebr\u00e7ov\u00ebs z. Timotej shenjt\u00ebroi dhe vuri gurthemelin e Kish\u00ebs s\u00eb manastirit t\u00eb Sh\u00ebn Arhangell Gavrillit i cili \u00ebsht\u00eb af\u00ebr kish\u00ebs s\u00eb vjet\u00ebr, por nd\u00ebrtimi ka mbetur i parealizuar. N\u00eb vitin 2014, v\u00ebllaz\u00ebria nga manastiri Bigorski Sh\u00ebn Gjon Pag\u00ebzori me nj\u00eb akt denacionalizimi ia ktheu pron\u00ebn n\u00eb posedim dhe shpresojm\u00eb q\u00eb s\u00eb shpejti n\u00eb zon\u00ebn ton\u00eb t\u00eb mbij\u00eb nj\u00eb tempull tjet\u00ebr ortodoks.<\/p>\n<p style=\"text-align: right;\"><em>Prifti m.r Riste Naumoski<\/em><\/p>\n","protected":false},"excerpt":{"rendered":"<p>5 km n\u00eb veri t\u00eb fshatrave Modri\u00e7 dhe Drenok, pran\u00eb kufirit me Republik\u00ebn e Shqip\u00ebris\u00eb, i cili zbret vet\u00ebm 500 m pran\u00eb lumit C\u00ebrvenic\u00eb (lumi Trebishka) dhe rreth 7.5 km n\u00eb juglindje t\u00eb fshatit Xhepishte, mbi lokalitetin ,,Tri \u00c7eshmi\u201d, pran\u00eb rrug\u00ebs rajonale Strug\u00eb-Dib\u00ebr, jan\u00eb mbetjet e manastirit t\u00eb Sh\u00ebn Arhangell Gavriillit. N\u00eb hart\u00ebn arkeologjike t\u00eb<\/p>\n","protected":false},"author":1,"featured_media":0,"parent":100333,"menu_order":4,"comment_status":"closed","ping_status":"closed","template":"page-bigorski.php","meta":{"_acf_changed":false,"wprm-recipe-roundup-name":"","wprm-recipe-roundup-description":"","ngg_post_thumbnail":0,"footnotes":""},"class_list":["post-100470","page","type-page","status-publish","hentry"],"acf":[],"_links":{"self":[{"href":"https:\/\/bigorski.org.mk\/sq\/wp-json\/wp\/v2\/pages\/100470","targetHints":{"allow":["GET"]}}],"collection":[{"href":"https:\/\/bigorski.org.mk\/sq\/wp-json\/wp\/v2\/pages"}],"about":[{"href":"https:\/\/bigorski.org.mk\/sq\/wp-json\/wp\/v2\/types\/page"}],"author":[{"embeddable":true,"href":"https:\/\/bigorski.org.mk\/sq\/wp-json\/wp\/v2\/users\/1"}],"replies":[{"embeddable":true,"href":"https:\/\/bigorski.org.mk\/sq\/wp-json\/wp\/v2\/comments?post=100470"}],"version-history":[{"count":0,"href":"https:\/\/bigorski.org.mk\/sq\/wp-json\/wp\/v2\/pages\/100470\/revisions"}],"up":[{"embeddable":true,"href":"https:\/\/bigorski.org.mk\/sq\/wp-json\/wp\/v2\/pages\/100333"}],"wp:attachment":[{"href":"https:\/\/bigorski.org.mk\/sq\/wp-json\/wp\/v2\/media?parent=100470"}],"curies":[{"name":"wp","href":"https:\/\/api.w.org\/{rel}","templated":true}]}}