{"id":100471,"date":"2016-12-18T18:32:06","date_gmt":"2016-12-18T17:32:06","guid":{"rendered":"https:\/\/bigorski.org.mk\/?page_id=100471"},"modified":"2022-08-27T21:59:44","modified_gmt":"2022-08-27T20:59:44","slug":"toka-prona-shen-gjon-pagezori","status":"publish","type":"page","link":"https:\/\/bigorski.org.mk\/sq\/pronat-e-manastirit-dhe-skitet\/toka-prona-shen-gjon-pagezori\/","title":{"rendered":"Toka (prona) Sh\u00ebn Gjon Pag\u00ebzori"},"content":{"rendered":"<p>Rreth 2 km n\u00eb verilindje t\u00eb fshatit Nebregov\u00eb ndodhet manastiri kushtuar Sh\u00ebn Gjon Pag\u00ebzorit. Sipas goj\u00ebdh\u00ebnave, pasuria me tempullin \u00ebsht\u00eb dhuruar nga mbreti Marko, nd\u00ebrsa nj\u00eb goj\u00ebdh\u00ebn\u00eb tjet\u00ebr thot\u00eb se arat ia dhan\u00eb manastirit Mijak\u00ebt, t\u00eb cil\u00ebt kullosnin kopet\u00eb e tyre atje.<\/p>\n<blockquote><p>Sipas legjend\u00ebs, prona me tempullin \u00ebsht\u00eb dhuruar nga mbreti Marko<\/p><\/blockquote>\n<p>Kjo toka (prona) n\u00eb t\u00eb kaluar\u00ebn sh\u00ebrbente kryesisht p\u00ebr t\u00eb akomoduar murgjit dhe pun\u00ebtor\u00ebt q\u00eb punonin n\u00eb arat e grurit, prej nga gruri \u00e7ohej n\u00eb mullirin e manastirit af\u00ebr Radik\u00ebs.<\/p>\n<p><a href=\"https:\/\/bigorski.org.mk\/wp-content\/uploads\/2016\/12\/nebregovo.jpg\"><img loading=\"lazy\" decoding=\"async\" class=\" wp-image-88631 alignright\" src=\"https:\/\/bigorski.org.mk\/wp-content\/uploads\/2016\/12\/nebregovo.jpg\" alt=\"Manastiri &quot;Sh\u00ebn Gjon Pararend\u00ebsi&quot;\" width=\"520\" height=\"320\"><\/a>Q\u00eb k\u00ebt\u00eb tok\u00eb (prone) manastiri e ka p\u00ebrdorur deri n\u00eb fund, gjegj\u00ebsisht deri n\u00eb fund t\u00eb jet\u00ebs monastike n\u00eb Bigorski pas vdekjes s\u00eb abatit Spiridon n\u00eb vitin 1947, e dim\u00eb nga k\u00ebnga e akademikut Bllazhe Koneski nga Nebregova, e titulluar &#8220;Sh\u00ebn Spiridoni i Riu&#8221;, n\u00eb t\u00eb cil\u00ebn p\u00ebrshkruan t\u00eb korrat e drithit, d\u00ebshmitar i s\u00eb cil\u00ebs ai ishte si f\u00ebmij\u00eb.<\/p>\n<p>Pas vdekjes s\u00eb Bigorskit, prona e manastirit ishte i braktisur p\u00ebr nj\u00eb koh\u00eb t\u00eb gjat\u00eb, pa objekte t\u00eb p\u00ebrdorshme. N\u00eb vitin 1970, me iniciativ\u00ebn e bordit t\u00eb kish\u00ebs s\u00eb fshatit, u nd\u00ebrtua nj\u00eb kish\u00eb e re, m\u00eb pas nj\u00eb konak dhe nj\u00eb kumban\u00eb. Por dekada m\u00eb par\u00eb, g\u00ebrmimet e kryera nga vendasit kishin zbuluar mbetjet e nj\u00eb kishe m\u00eb t\u00eb vjet\u00ebr n\u00eb nj\u00eb manastir t\u00eb braktisur. Shtrihet rreth 6-7 metra n\u00eb juglindje t\u00eb kish\u00ebs s\u00eb re t\u00eb manastirit t\u00eb sot\u00ebm dhe \u00ebsht\u00eb n\u00eb gjendje mbetjesh arkeologjike. Kisha, p\u00ebrve\u00e7 afreskeve, ishte zbukuruar edhe me plastik\u00eb t\u00eb pasur guri. T\u00eb dh\u00ebnat p\u00ebr koh\u00ebn e nd\u00ebrtimit t\u00eb k\u00ebsaj kishe t\u00eb vjet\u00ebr n\u00eb manastirin e Sh\u00ebn Gjon Pag\u00ebzori pran\u00eb fshatit Nebregova nuk ekzistojn\u00eb. Nga mbetjet materiale t\u00eb zbuluara deri m\u00eb tani, gjithashtu nuk mund t\u00eb thuhet se kur e ka origjin\u00ebn.<\/p>\n<blockquote><p>Akademiku Bllazhe Koneski shkroi nj\u00eb poezi me titull &#8220;Sh\u00ebn Spiridoni i Riu&#8221;, n\u00eb t\u00eb cil\u00ebn p\u00ebrshkruan t\u00eb korrat e grurit, d\u00ebshmitar i s\u00eb cil\u00ebs ai ishte n\u00eb f\u00ebmij\u00ebri.<\/p><\/blockquote>\n<p>Prona e tok\u00ebs, e cila i ishte marr\u00eb shtetit n\u00eb koh\u00ebn e kolektivizimit, iu kthye Familjes s\u00eb Shenjt\u00eb Bigorski s\u00eb bashku me pronat e tjera t\u00eb saj, por p\u00ebr fat t\u00eb keq, ajo tok\u00eb e cila n\u00eb t\u00eb kaluar\u00ebn ishte pak pjellore sepse ishte l\u00ebn\u00eb pas dore p\u00ebr nj\u00eb koh\u00eb t\u00eb gjat\u00eb. Sot kjo tok\u00eb \u00ebsht\u00eb krejt\u00ebsisht e pa kultivuar.<\/p>\n","protected":false},"excerpt":{"rendered":"<p>Rreth 2 km n\u00eb verilindje t\u00eb fshatit Nebregov\u00eb ndodhet manastiri kushtuar Sh\u00ebn Gjon Pag\u00ebzorit. Sipas goj\u00ebdh\u00ebnave, pasuria me tempullin \u00ebsht\u00eb dhuruar nga mbreti Marko, nd\u00ebrsa nj\u00eb goj\u00ebdh\u00ebn\u00eb tjet\u00ebr thot\u00eb se arat ia dhan\u00eb manastirit Mijak\u00ebt, t\u00eb cil\u00ebt kullosnin kopet\u00eb e tyre atje. Sipas legjend\u00ebs, prona me tempullin \u00ebsht\u00eb dhuruar nga mbreti Marko Kjo toka (prona)<\/p>\n","protected":false},"author":1,"featured_media":0,"parent":100333,"menu_order":5,"comment_status":"closed","ping_status":"closed","template":"page-bigorski.php","meta":{"_acf_changed":false,"wprm-recipe-roundup-name":"","wprm-recipe-roundup-description":"","ngg_post_thumbnail":0,"footnotes":""},"class_list":["post-100471","page","type-page","status-publish","hentry"],"acf":[],"_links":{"self":[{"href":"https:\/\/bigorski.org.mk\/sq\/wp-json\/wp\/v2\/pages\/100471","targetHints":{"allow":["GET"]}}],"collection":[{"href":"https:\/\/bigorski.org.mk\/sq\/wp-json\/wp\/v2\/pages"}],"about":[{"href":"https:\/\/bigorski.org.mk\/sq\/wp-json\/wp\/v2\/types\/page"}],"author":[{"embeddable":true,"href":"https:\/\/bigorski.org.mk\/sq\/wp-json\/wp\/v2\/users\/1"}],"replies":[{"embeddable":true,"href":"https:\/\/bigorski.org.mk\/sq\/wp-json\/wp\/v2\/comments?post=100471"}],"version-history":[{"count":0,"href":"https:\/\/bigorski.org.mk\/sq\/wp-json\/wp\/v2\/pages\/100471\/revisions"}],"up":[{"embeddable":true,"href":"https:\/\/bigorski.org.mk\/sq\/wp-json\/wp\/v2\/pages\/100333"}],"wp:attachment":[{"href":"https:\/\/bigorski.org.mk\/sq\/wp-json\/wp\/v2\/media?parent=100471"}],"curies":[{"name":"wp","href":"https:\/\/api.w.org\/{rel}","templated":true}]}}